{"id":951,"date":"2025-02-25T14:51:59","date_gmt":"2025-02-25T14:51:59","guid":{"rendered":"https:\/\/jugend-handball-dortmund.de\/?page_id=951"},"modified":"2026-04-02T11:25:49","modified_gmt":"2026-04-02T11:25:49","slug":"kooperationskonzept-vom-27-2-2025","status":"publish","type":"page","link":"https:\/\/jugend-handball-dortmund.de\/index.php\/kooperationskonzept-vom-27-2-2025\/","title":{"rendered":"Das Konzept"},"content":{"rendered":"\n<figure class=\"wp-block-image size-full is-resized\"><img loading=\"lazy\" decoding=\"async\" width=\"512\" height=\"512\" src=\"https:\/\/jugend-handball-dortmund.de\/wp-content\/uploads\/2025\/03\/cropped-Logo.png\" alt=\"\" class=\"wp-image-1148\" style=\"width:158px;height:auto\" srcset=\"https:\/\/jugend-handball-dortmund.de\/wp-content\/uploads\/2025\/03\/cropped-Logo.png 512w, https:\/\/jugend-handball-dortmund.de\/wp-content\/uploads\/2025\/03\/cropped-Logo-300x300.png 300w, https:\/\/jugend-handball-dortmund.de\/wp-content\/uploads\/2025\/03\/cropped-Logo-150x150.png 150w, https:\/\/jugend-handball-dortmund.de\/wp-content\/uploads\/2025\/03\/cropped-Logo-270x270.png 270w, https:\/\/jugend-handball-dortmund.de\/wp-content\/uploads\/2025\/03\/cropped-Logo-192x192.png 192w, https:\/\/jugend-handball-dortmund.de\/wp-content\/uploads\/2025\/03\/cropped-Logo-180x180.png 180w, https:\/\/jugend-handball-dortmund.de\/wp-content\/uploads\/2025\/03\/cropped-Logo-32x32.png 32w\" sizes=\"auto, (max-width: 512px) 100vw, 512px\" \/><\/figure>\n\n\n\n<p class=\"has-vivid-cyan-blue-color has-text-color has-link-color has-medium-font-size wp-elements-dbe7318528c0af6a2cbfb37143526047\"><a href=\"https:\/\/jugend-handball-dortmund.de\/wp-content\/uploads\/2025\/08\/Flyer-Jugend-Handball-Dortmund.pdf\"><strong>Flyer Jugend Handball Dortmund<\/strong><\/a><\/p>\n\n\n\n<p class=\"has-black-color has-text-color has-link-color has-medium-font-size wp-elements-4194906c869ec07b69f71629ff8ea625\" id=\"block-f385e2da-a504-40e1-a920-e1eab46b0107\"><strong>Vereinskonzept Jugend Handball Dortmund e. V.<\/strong><\/p>\n\n\n\n<p class=\"has-black-color has-text-color has-link-color has-medium-font-size wp-elements-efd70f7139a1112dc46db35f9d62c3a5\"><strong>Pr\u00e4ambel<\/strong><\/p>\n\n\n\n<p class=\"has-black-color has-text-color has-link-color has-small-font-size wp-elements-75fe4853a536e4dcc677ebb68eb2f265\"><strong>Der Jugend Handball Dortmund e. V. st\u00e4rkt mit der B\u00fcndelung von Kompetenzen und Potentialen der einzelnen Handballvereine den Handball in Dortmund. Alle Vereine sollen individuell unterst\u00fctzt werden, um gemeinsam f\u00fcr Dortmund attraktiven Handballsport vor allem f\u00fcr die Jugend anzubieten.<\/strong> <\/p>\n\n\n\n<p class=\"has-black-color has-text-color has-link-color has-small-font-size wp-elements-2cc2d329f409ae4cbee357d8cc031413\"><strong>Der Jugend Handball Dortmund e. V. lehnt entschieden das Abwerben von Kindern und Jugendlichen aus dem Heimat-Handballverein, Konkurrenz- oder Machtk\u00e4mpfe der einzelnen Handballvereine oder den Ausschluss irgendwelcher Handballvereine ab.<\/strong><\/p>\n\n\n\n<p class=\"has-black-color has-text-color has-link-color has-small-font-size wp-elements-512dfdd0761ed916549239b3d2a971fb\"><strong>Jeder Verein kann Kooperationspartner werden und von den Angeboten des JHD unter Einhaltung der Regeln und Ziele des F\u00f6rdervereins <strong>profitieren<\/strong>.<\/strong><\/p>\n\n\n\n<p class=\"has-black-color has-text-color has-link-color has-small-font-size wp-elements-fda5219e57c5e39af04793b491c56396\"><\/p>\n\n\n\n<p class=\"has-black-color has-text-color has-link-color has-medium-font-size wp-elements-222103d1319039bc0c97d53c7b7d8f39\"><strong>Ausgangslage<\/strong><\/p>\n\n\n\n<p class=\"has-black-color has-text-color has-link-color has-small-font-size wp-elements-fda5219e57c5e39af04793b491c56396\"><\/p>\n\n\n\n<p class=\"has-black-color has-text-color has-link-color has-small-font-size wp-elements-52d59ca51c506fcbada938e88c5c16a1\"><strong>In der Saison 2023\/2024 waren in einem Traditionsverein nur noch 2 Jugendmannschaften gemeldet. Pl\u00f6tzlich nahmen nur noch 7 Kinder am Spielbetrieb teil. Ein junger Trainer mit C-Lizenz betreute diese tapfere &#8222;Restgruppe&#8220; mit einer Hoffnung und einer Vision. Er wurde unterst\u00fctzt und beraten von einem Handballexperten mit viel Erfahrung im Jugendbereich und mit einem Konzept.<\/strong><\/p>\n\n\n\n<p class=\"has-black-color has-text-color has-link-color has-small-font-size wp-elements-299df2f515237a6f0bed50f2b1368447\"><strong>Das Ende des Jugendhandballs dieses Handballtraditionsvereins schien unaufhaltsam. \u00dcber Jahre haben die Verantwortlichen des Vereins diese Entwicklung als nicht \u00e4nderbar dargestellt und scheinbar kampflos hingenommen.<\/strong><\/p>\n\n\n\n<p class=\"has-black-color has-text-color has-link-color has-small-font-size wp-elements-8315d8b7157f8b18e2b3f02740f878e5\"><strong>Erst ein konsequentes Umdenken im Verein f\u00fchrte dazu, dass TuS 64, das Konzept von Tadeusz Jeziorski, Schritt f\u00fcr Schritt<\/strong> <strong>umgesetzt wurde und schlie\u00dflich zum Erfolg f\u00fcr die Handballabteilung f\u00fchrte. Mit eigenem Budget ausgestattet und unter der Einbindung von Eltern und Sponsoren wurde in kurzer Zeit sehr viel erreicht.<\/strong><\/p>\n\n\n\n<p class=\"has-black-color has-text-color has-link-color has-small-font-size wp-elements-3ca6f4c189b97903295af614979b37ce\"><strong>Das Ergebnis nach 2,5 Jahren 20 Trainer\/innen, Durchf\u00fchrung von zwei Handball AG&#8217;s, 176 aktive Kinder, davon Minis und F-Jugend 100 Kinder , E-Jugend 28, D-Jugend 30 und C-Jugend 18.<\/strong> <\/p>\n\n\n\n<p class=\"has-black-color has-text-color has-link-color has-small-font-size wp-elements-f6ac526274c0d2536bd167b7a3b22008\"><strong>Es ist nun die Basis gelegt.<\/strong><\/p>\n\n\n\n<p class=\"has-black-color has-text-color has-link-color has-small-font-size wp-elements-fb72347dbd21551efe94cc64a30a0924\"><strong>Es war schnell klar, dass die n\u00e4chsten Schritte  einfacher \u00fcber  Kooperationen funktionieren w\u00fcrden.<\/strong><\/p>\n\n\n\n<p class=\"has-black-color has-text-color has-link-color has-small-font-size wp-elements-b119b3c2229dac01b55aa978a87e6540\"><strong>Um die Zusammenarbeit vereins\u00fcbergreifend gestalten zu k\u00f6nnen, haben Tadeusz Jeziorski und Hans Ernst Walter die Gr\u00fcndung eines F\u00f6rdervereins initiiert, der am 26.01.2025 unter dem Namen Jugend Handball Dortmund e. V. als F\u00f6rder- und Sportverein gegr\u00fcndet wurde.<\/strong><\/p>\n\n\n\n<p class=\"has-black-color has-text-color has-link-color has-small-font-size wp-elements-cbc38a9956ab0caf85c7261e6bfa606f\"><strong>Der Verein finanziert die Projekte \u00fcber Mitgliedsbeitr\u00e4ge, Spenden, \u00f6ffentliche Mittel und Sponsoren.<\/strong><\/p>\n\n\n\n<p class=\"has-black-color has-text-color has-link-color has-small-font-size wp-elements-82bbe3a3ed88115ebf75fc2903a4e8b1\"><strong>Die Finanzierung ist gesichert. Ein Dank an dieser Stelle an die Sponsoren.<\/strong><\/p>\n\n\n\n<p class=\"has-black-color has-text-color has-link-color has-medium-font-size wp-elements-20fe835bd8985698f59fe7713e20e1c6\"><strong>Zielsetzung&nbsp;<\/strong><\/p>\n\n\n\n<p class=\"has-black-color has-text-color has-link-color has-small-font-size wp-elements-97ba935e8ffe525581a0ff49e9cc7517\"><strong>Das Ziel des Jugend Handball Dortmund e. V. ist es, die Jugendarbeit im Handball in Dortmund aufrechtzuerhalten und zu optimieren. Folgende Herausforderungen sind im Fokus:<\/strong><\/p>\n\n\n\n<ul class=\"wp-block-list has-black-color has-text-color has-link-color wp-elements-0fbe4da2a452d9392e4f8d4a48d8402c\">\n<li class=\"has-small-font-size\"><strong>Abgang von Spieler\/innen, die kein Interesse mehr am Handballsport haben, zu mindern<\/strong><\/li>\n\n\n\n<li class=\"has-small-font-size\"><strong>Spielunf\u00e4higkeit aufgrund zu geringer Mannschaftsgr\u00f6\u00dfe zu verhindern<\/strong><\/li>\n\n\n\n<li class=\"has-small-font-size\"><strong>Problemen beim Aus\u00fcben von Trainings- und Spielbetrieb aufgrund fehlender Trainer\/innen und\/oder fehlender Ressourcen entgegen zu wirken<\/strong><\/li>\n<\/ul>\n\n\n\n<p class=\"has-black-color has-text-color has-link-color has-medium-font-size wp-elements-9f393240b77c556af0d32f3e349ea9a2\"><strong>Es werden nicht alle Herausforderungen der Jugendmannschaften in Dortmund gel\u00f6st werden k\u00f6nnen. Negativen Tendenzen entgegenzuwirken: das ist das erkl\u00e4rte Ziel.<\/strong><br><\/p>\n\n\n\n<p class=\"has-black-color has-text-color has-link-color has-medium-font-size wp-elements-9b694c510ad9aabb9a9627c65af5b529\"><strong>Angebote des Jugend Handball Dortmund e.V.<\/strong><\/p>\n\n\n\n<p class=\"has-black-color has-text-color has-link-color has-medium-font-size wp-elements-0636c403c4f6f4f8fc375de3120c2a3d\"><strong>Offene Trainings<\/strong><\/p>\n\n\n\n<p class=\"has-black-color has-text-color has-link-color has-small-font-size wp-elements-2cb0dc67a96f9e0749bb2c68fcaa2ec5\"><strong>Die Interessen des JHD liegen bei den jungen Spieler\/innen und ihrer individuellen Weiterentwicklung. Wir bieten daf\u00fcr offene Trainings von Januar bis einschlie\u00dflich M\u00e4rz f\u00fcr alle Spieler\/innen aller Handballvereine an. Diese offenen Trainings sind keine Sichtungsma\u00dfnahmen und keine Konkurrenz zum Kreisauswahltraining. Sie zielen auf die Verbesserung der individuellen F\u00e4higkeiten der Spieler\/innen ab und stehen allen jungen Spieler\/innen &#8211; egal welchen Vereins &#8211; offen.<\/strong><\/p>\n\n\n\n<p class=\"has-black-color has-text-color has-link-color has-small-font-size wp-elements-14d3eb36a2027440ce395cd852eaf64e\"><strong>Vereine, die vorausschauend Herausforderungen erkennen, eigenst\u00e4ndig keine Mannschaften einer Altersklasse bilden zu k\u00f6nnen, haben hier die M\u00f6glichkeit ihre Spieler\/innen an diesen offenen Trainings teilnehmen zu lassen. So k\u00f6nnen fr\u00fchzeitig Mannschaften mit Spielern\/innen aus verschiedenen Vereinen und in unterschiedlichsten Konstellationen geformt werden. <\/strong><br><br><strong>Das Ziel ist es m\u00f6glichst viele Jugendliche zu f\u00f6rdern, den Spa\u00df am Handball zu erm\u00f6glichen und sich aber auch als Spieler\/in mit gleichaltrigen im Handball Spielbetrieb zu messen.<\/strong><\/p>\n\n\n\n<p class=\"has-black-color has-text-color has-link-color has-small-font-size wp-elements-8f2c0bce6612b28b41aa86265f8c259f\"><strong>Die offenen Trainings finden f\u00fcr die D- und C-Jugend statt, da die Vereine, die aktuell Kooperationspartner sind, Spieler\/innen in dieser Altersklasse haben und dadurch Mannschaften aus verschiedenen Vereinen f\u00fcr den Spielbetrieb 2026\/2027 zusammengef\u00fchrt und vorbereitet werden k\u00f6nnen.<\/strong> <br><strong>Weiter sind es gerade diese Altersklassen, in denen eine individuelle F\u00f6rderung, die auch zum Leistungssport f\u00fchren kann, beginnt.<\/strong><br><strong>Alle Spieler\/innen, die Interesse an einem zus\u00e4tzlichen Training haben, sind herzlich eingeladen teilzunehmen.<\/strong><br><strong>Dabei ist die Vereinszugeh\u00f6rigkeit unerheblich.<\/strong><\/p>\n\n\n\n<p class=\"has-black-color has-text-color has-link-color has-small-font-size wp-elements-fda5219e57c5e39af04793b491c56396\"><\/p>\n\n\n\n<p class=\"has-black-color has-text-color has-link-color wp-elements-bfbc9725e90048adeea29d06af7c424e\"><strong>Jeder Trainer ist herzlich aufgefordert, die Trainings zu besuchen.<\/strong><\/p>\n\n\n\n<p class=\"has-black-color has-text-color has-link-color has-small-font-size wp-elements-ec202dbdf16b75b26017d74d53b5d4d9\"><strong>Damit die individuelle Entwicklung gef\u00f6rdert werden kann, ist eine gewisse Anzahl an Kindern notwendig. Die Anmeldung erfolgt \u00fcber die Webseite unter \u201coffene Trainings&#8220;. 2026 haben bereits sechs Trainings stattgefunden. <\/strong><br><strong>24 Kinder nahmen an der ersten Sequenz von drei Trainingseinheiten der Jahrg\u00e4nge 2014 \/ 2015 teil.\u00a0Die zweite Sequenz von 3 Einheiten am 14.4., 21.4. und 28.04.2026 ist fast ausgebucht.<\/strong><\/p>\n\n\n\n<p><\/p>\n\n\n\n<p class=\"has-black-color has-text-color has-link-color wp-elements-42662faafe44eefbf1cfae7f35bb04c4\"><strong>Das Training wird geleitet von Anne und Max Pr\u00f6pper. Anne hat Erfahrungen in der Handball Frauen Bundesliga.<\/strong><\/p>\n\n\n\n<p class=\"has-black-color has-text-color has-link-color has-small-font-size wp-elements-5aba619768f58fb9c3ff784ed4fc1027\"><strong>Spezielles Torwarttraining wird von Svitlana Shykina, einer ukrainischen Nationalspieler und Tadeusz Jeziorski durchgef\u00fchrt.<\/strong><\/p>\n\n\n\n<p class=\"has-black-color has-text-color has-link-color has-small-font-size wp-elements-bcad42739076e6ad33b4f12910952672\"><strong>Die Veranstaltungen finden immer dienstags 17:45 bis 18:30 Uhr in der Halle Nord III A Burgholzstra\u00dfe 161\/ Ecke Eisenstra\u00dfe statt<\/strong><\/p>\n\n\n\n<p class=\"has-black-color has-text-color has-link-color has-small-font-size wp-elements-ac4be2d8e93417ea24279a766dd63260\"><strong>Die Trainings zur Vorbereitung auf die n\u00e4chste Saison werden Anfang des Jahres regelm\u00e4\u00dfig durchgef\u00fchrt. Die Themen der Trainings variieren. Diese Trainings sind auch f\u00fcr h\u00f6here Altersklassen m\u00f6glich, wenn das entsprechende Interesse der Vereine in Dortmund daran besteht.<\/strong><\/p>\n\n\n\n<p class=\"has-black-color has-text-color has-link-color has-small-font-size wp-elements-1beb11d5deb9a73bdbbf62687088fc39\"><strong>Nach Beendigung  der offenen Trainings Ende April\/Ende Mai findet jeden Dienstag das Training der D-Jugend Mannschaft statt, die f\u00fcr den Spielbetrieb Kreisliga 2026\/2027 vom Jugend Handball Dortmund f\u00fcr den Spielbetrieb gemeldet wurde. In Ausnahmef\u00e4llen ist nach Absprache mit dem Trainerteam eine Teilnahme f\u00fcr einzelne Spieler m\u00f6glich.<\/strong><\/p>\n\n\n\n<p class=\"has-black-color has-text-color has-link-color has-medium-font-size wp-elements-df7fc3189facb94696550a8413ff8cd5\"><strong>Kooperationen <\/strong><\/p>\n\n\n\n<p class=\"has-black-color has-text-color has-link-color has-small-font-size wp-elements-44efdbfa24125e0463ab34ff6d66215a\"><strong>Wenn es zu Kooperationen, Spielgemeinschaften oder Mannschaften kommt, die direkt unter dem Logo des JHD antreten, entwickelt der JHD sportliche Konzepte zusammen mit den Trainern der Heimatvereine. Die jungen Spieler\/innen werden immer bei ihrem Heimatverein bleiben. Die dauerhafte bestehende Bindung an den Heimatverein ist f\u00fcr den JHD von \u00fcberragender Bedeutung. Kooperationen sind auch nur f\u00fcr eine Saison denkbar.<\/strong><\/p>\n\n\n\n<p class=\"has-black-color has-text-color has-link-color has-small-font-size wp-elements-afe48f1807784b630ce6e39e59d11c26\"><strong>F\u00fcr die Strategie, die Entwicklung von Projekten und Anbahnung von Kooperationen ist Tadeusz Jeziorski zust\u00e4ndig. Tadeusz nimmt Kontaktw\u00fcnsche gern entgegen, entwickelt zusammen mit den Vereinen L\u00f6sungen und Konzepte, sowie ggf. auch M\u00f6glichkeiten zu Kooperationspartnerschaften mit dem F\u00f6rderverein.&nbsp;<\/strong><\/p>\n\n\n\n<p class=\"has-black-color has-text-color has-link-color has-small-font-size wp-elements-63abb9062770ddd66d57d761b006a34d\"><strong>Anfang des Jahres  werden die offene Trainings angeboten, die zur gezielten Vorbereitung auf die neue Saison unter Einbeziehung der Trainer\/innen der Heimatvereine dienen.<\/strong> <strong>F\u00fcr die Saison 2026\/2027 wird der Jugend Handball Dortmund e. V., mindestens eine Mannschaft unter dem Logo Jugend Handball Dortmund e. V. starten lassen. Das ist m\u00f6glich, das der JHD e. V. mittlerweile alle Zulassungen f\u00fcr den Spielbetrieb erworben hat.<\/strong><\/p>\n\n\n\n<p class=\"has-black-color has-text-color has-link-color has-small-font-size wp-elements-86842d57f619a373d7b59c48a03811b6\"><strong>Mitglied im LSB und SSB, im Fachverband 8, im Handballverband Westfalen.<\/strong><\/p>\n\n\n\n<p class=\"has-black-color has-text-color has-link-color has-small-font-size wp-elements-964adacac9892ad988eb8cfa70da4095\"><strong>Zugang zu den Systemen Ph\u00f6nix II und H4All.<\/strong><\/p>\n\n\n\n<p class=\"has-black-color has-text-color has-link-color has-medium-font-size wp-elements-e35d87766b5e438059fd1fe53970ce0c\"><strong>Wir freuen uns auf die Saison 2026\/2027.<\/strong><\/p>\n\n\n\n<p class=\"has-black-color has-text-color has-link-color has-medium-font-size wp-elements-404594b2e99c3b9928c3fae346921c89\"><strong>Weitere Angebote<\/strong><\/p>\n\n\n\n<p class=\"has-black-color has-text-color has-link-color has-small-font-size wp-elements-603e90cde96fd7cbbd6208560322971d\"><strong>Ab April 2026 bereiten wir weitere Angebote des F\u00f6rdervereins vor. <\/strong><\/p>\n\n\n\n<p class=\"has-black-color has-text-color has-link-color has-small-font-size wp-elements-da34ea2e963ff19a942dbf9960edebde\"><strong>Vereins\u00fcbergreifende Angebote <strong>f\u00fcr verschiedene Altersklassen<\/strong> zum Beispiel an Schwerpunkt-, Torwart- und Athletiktrainings.<\/strong><\/p>\n\n\n\n<p class=\"has-black-color has-text-color has-link-color has-small-font-size wp-elements-ddf559be729c9db408fd03966824a58a\"><strong>Ausbildung von Sporthelfer\/innen im Handball und Trainerausbildung ist in Vorbereitung. Hierzu werden zurzeit noch verschiedene Modelle entwickelt und Details abgekl\u00e4rt.<\/strong> <\/p>\n\n\n\n<p class=\"has-black-color has-text-color has-link-color has-small-font-size wp-elements-eb5a319651aff42876c14915b2d7441d\"><strong>Sportmedizinische Untersuchungen\/Gesundheitschecks  werden angeboten und am 25.04.2026 erstmalig durchgef\u00fchrt.<\/strong><\/p>\n\n\n\n<p class=\"has-black-color has-text-color has-link-color has-small-font-size wp-elements-a479bf005b2a1e1f319e71cfc9a36036\"><strong>Erste Hilfe Kurse werden ebenfalls kurzfristig  zum Leistungsspektrum vom JHD e. V. z\u00e4hlen.<\/strong> <\/p>\n\n\n\n<p class=\"has-vivid-cyan-blue-color has-text-color has-link-color has-medium-font-size wp-elements-fe118f649e8722972e75beecf4ae6f4a\"><a href=\"https:\/\/jugend-handball-dortmund.de\/wp-admin\/post.php?post=1419&amp;action=edit\" data-type=\"link\" data-id=\"https:\/\/jugend-handball-dortmund.de\/wp-admin\/post.php?post=1419&amp;action=edit\"><strong>Aktivit\u00e4ten 2025<\/strong><\/a><\/p>\n\n\n\n<p class=\"has-black-color has-text-color has-link-color has-small-font-size wp-elements-046c5cd754a781b326f1705d39a83240\"><strong>Zusammenarbeit mit den Vereinen<\/strong><\/p>\n\n\n\n<p class=\"has-black-color has-text-color has-link-color has-small-font-size wp-elements-3214abb55214767a214e437399fd6b68\"><strong>Der Jugend Handball Dortmund e. V. setzt sich daf\u00fcr ein, dass m\u00f6glichst viele Spieler\/innen dem Handballsport erhalten bleiben und m\u00f6chten dabei die Stellung der Vereine st\u00e4rken. Die Vereine leisten \u00fcberaus wichtige Arbeit bei der Gewinnung neuer Kinder und Jugendlicher, sei es z. B \u00fcber Grundschul-AGs, dem Vereinsleben oder der Tradition oder dem \u00f6ffentlichen Auftreten in der Region. Diese Arbeit braucht es, um die Grundlage der gesamten Jugendarbeit im Handballsport aufrechtzuerhalten. Die gute Vereinsbindung an den Heimatverein wird vom JHD als existenziell gesehen und uneingeschr\u00e4nkt unterst\u00fctzt. Es wird eine Zusammenarbeit im Trainingsbereich angestrebt, um Synergien zu schaffen zum Nutzen aller Kooperationspartner und der Jugend im Handballsport.<\/strong><\/p>\n\n\n\n<p class=\"has-black-color has-text-color has-link-color has-medium-font-size wp-elements-f761bf10ffe3268b03490f4a77ac404e\"><strong>Epilog<\/strong><\/p>\n\n\n\n<p class=\"has-black-color has-text-color has-link-color has-small-font-size wp-elements-253dcc33cd85e63fa5f06b219f4d1fbf\"><strong>Bei allen Projekten des Jugend Handball Dortmund e. V. geht es in erster Linie um die Entwicklung der Kinder\/Jugendlichen und nicht vorrangig um die Interessen der Heimatvereine. Wenn die Basisarbeit geschafft ist, kann es dann gemeinsam um die Entwicklung des Handballs in Dortmund gehen. Dabei stehen der Breitensport und die Bildung leistungsbezogener Strukturen gleicherma\u00dfen im Fokus. Dies ist nur mit einer guten Anbindung an die Heimatvereine m\u00f6glich.<br><\/strong><\/p>\n\n\n\n<p class=\"has-black-color has-text-color has-link-color has-small-font-size wp-elements-f0f90f0d1b6aa82e87f290c49190eaa1\"><strong>Allen interessierten Vereinen in Dortmund sollte es mittelfristig zusammen gelingen, leistungsbezogene Strukturen aufzubauen.<\/strong><\/p>\n\n\n\n<p class=\"has-black-color has-text-color has-link-color has-small-font-size wp-elements-0f5c02c5346811f26cda1dceab947635\"><strong>Die Top Spieler sollten Gelegenheit haben in Dortmund f\u00fcr Dortmund zu spielen ohne fr\u00fchzeitig ihren Heimatverein verlassen zu m\u00fcssen. Der Breitensport wird vom Jugend Handball Dortmund e. V. dahingehend gef\u00f6rdert, dass Vereine mit zu wenigen Spielern eines Jahrgangs sich mit Vereinen mit gleichen Problemen zusammenschlie\u00dfen und unter JHD e. V. f\u00fcr eine absehbare Zeit ein Team mit Spielern aus mehreren Handball Vereinen an den Start geht. Somit k\u00f6nnten die Kinder in den Vereinen gehalten werden.<\/strong><\/p>\n\n\n\n<p class=\"has-black-color has-text-color has-link-color has-small-font-size wp-elements-863ce26a753beecd62a7108bad091e98\"><strong>Das alles ist m\u00f6glich, da der Jugend Handball Dortmund e. V. nicht nur F\u00f6rderverein, sondern auch unabh\u00e4ngiger Sportverein ist. Der JHD e. V. ist Mitglied im Handballkreis Dortmund, im LSB, SSB und ist als Verein im Ph\u00f6nix II und H4All. <\/strong><\/p>\n\n\n\n<p class=\"has-black-color has-text-color has-link-color has-small-font-size wp-elements-e22014dbc7f65dcd37c6952497ee2883\"><strong>Der Handballverband Westfalen und der StadtSportBund unterst\u00fctzen das Projekt.<\/strong><\/p>\n\n\n\n<figure class=\"wp-block-image size-full is-resized\"><img loading=\"lazy\" decoding=\"async\" width=\"512\" height=\"512\" src=\"https:\/\/jugend-handball-dortmund.de\/wp-content\/uploads\/2025\/03\/cropped-Logo.png\" alt=\"\" class=\"wp-image-1148\" style=\"width:318px;height:auto\" srcset=\"https:\/\/jugend-handball-dortmund.de\/wp-content\/uploads\/2025\/03\/cropped-Logo.png 512w, https:\/\/jugend-handball-dortmund.de\/wp-content\/uploads\/2025\/03\/cropped-Logo-300x300.png 300w, https:\/\/jugend-handball-dortmund.de\/wp-content\/uploads\/2025\/03\/cropped-Logo-150x150.png 150w, https:\/\/jugend-handball-dortmund.de\/wp-content\/uploads\/2025\/03\/cropped-Logo-270x270.png 270w, https:\/\/jugend-handball-dortmund.de\/wp-content\/uploads\/2025\/03\/cropped-Logo-192x192.png 192w, https:\/\/jugend-handball-dortmund.de\/wp-content\/uploads\/2025\/03\/cropped-Logo-180x180.png 180w, https:\/\/jugend-handball-dortmund.de\/wp-content\/uploads\/2025\/03\/cropped-Logo-32x32.png 32w\" sizes=\"auto, (max-width: 512px) 100vw, 512px\" \/><\/figure>\n\n\n\n<p class=\"has-vivid-cyan-blue-color has-text-color has-link-color has-medium-font-size wp-elements-dbe7318528c0af6a2cbfb37143526047\"><a href=\"https:\/\/jugend-handball-dortmund.de\/wp-content\/uploads\/2025\/08\/Flyer-Jugend-Handball-Dortmund.pdf\"><strong>Flyer Jugend Handball Dortmund<\/strong><\/a><\/p>\n\n\n\n<p><\/p>\n","protected":false},"excerpt":{"rendered":"<p>Flyer Jugend Handball Dortmund Vereinskonzept Jugend Handball Dortmund e. V. Pr\u00e4ambel Der Jugend Handball Dortmund e. V. st\u00e4rkt mit der B\u00fcndelung von Kompetenzen und Potentialen der einzelnen Handballvereine den Handball &#8230;<\/p>\n","protected":false},"author":2,"featured_media":1622,"parent":0,"menu_order":0,"comment_status":"closed","ping_status":"closed","template":"","meta":{"footnotes":""},"class_list":["post-951","page","type-page","status-publish","has-post-thumbnail","hentry"],"_links":{"self":[{"href":"https:\/\/jugend-handball-dortmund.de\/index.php\/wp-json\/wp\/v2\/pages\/951","targetHints":{"allow":["GET"]}}],"collection":[{"href":"https:\/\/jugend-handball-dortmund.de\/index.php\/wp-json\/wp\/v2\/pages"}],"about":[{"href":"https:\/\/jugend-handball-dortmund.de\/index.php\/wp-json\/wp\/v2\/types\/page"}],"author":[{"embeddable":true,"href":"https:\/\/jugend-handball-dortmund.de\/index.php\/wp-json\/wp\/v2\/users\/2"}],"replies":[{"embeddable":true,"href":"https:\/\/jugend-handball-dortmund.de\/index.php\/wp-json\/wp\/v2\/comments?post=951"}],"version-history":[{"count":61,"href":"https:\/\/jugend-handball-dortmund.de\/index.php\/wp-json\/wp\/v2\/pages\/951\/revisions"}],"predecessor-version":[{"id":2670,"href":"https:\/\/jugend-handball-dortmund.de\/index.php\/wp-json\/wp\/v2\/pages\/951\/revisions\/2670"}],"wp:featuredmedia":[{"embeddable":true,"href":"https:\/\/jugend-handball-dortmund.de\/index.php\/wp-json\/wp\/v2\/media\/1622"}],"wp:attachment":[{"href":"https:\/\/jugend-handball-dortmund.de\/index.php\/wp-json\/wp\/v2\/media?parent=951"}],"curies":[{"name":"wp","href":"https:\/\/api.w.org\/{rel}","templated":true}]}}