{"id":452,"date":"2025-02-08T21:59:09","date_gmt":"2025-02-08T21:59:09","guid":{"rendered":"https:\/\/jugend-handball-dortmund.de\/?page_id=452"},"modified":"2026-02-25T12:04:21","modified_gmt":"2026-02-25T12:04:21","slug":"einwilligung-in-die-datenvearbeitung","status":"publish","type":"page","link":"https:\/\/jugend-handball-dortmund.de\/index.php\/einwilligung-in-die-datenvearbeitung\/","title":{"rendered":"Einwilligung in die DV und Informationspflichten nach \u00a7 13 und 14"},"content":{"rendered":"\n<p><\/p>\n\n\n\n<p class=\"has-medium-font-size\"><strong>Einwilligung in die Datenverarbeitung und Informationspflichten nach \u00a7 13 \u00a7 14<\/strong><\/p>\n\n\n\n<ol class=\"wp-block-list\">\n<li>Einwilligung in die Datenverarbeitung<\/li>\n<\/ol>\n\n\n\n<p>Mit der Abgabe des vollst\u00e4ndig ausgef\u00fcllten Aufnahmeantrages und\/oder Anmeldung zu offenen Trainings <\/p>\n\n\n\n<p>des Jugend Handball Dortmund e. V. erkenne ich die Satzung sowie die Beitragsordnung des Vereins in ihrer jeweils g\u00fcltigen Fassung an.<\/p>\n\n\n\n<p>Die im Aufnahmeantrag erfassten Kontaktdaten k\u00f6nnen zu Vereinszwecken durch den Verein genutzt und hierf\u00fcr auch an andere Mitglieder des Vereins (z.B. zur Bildung von Fahrgemeinschaften) weitergegeben werden.<\/p>\n\n\n\n<p>Die Einwilligung in die Datenverarbeitung der vorgenannten Angaben kann ganz oder teilweise mit Wirkung f\u00fcr die Zukunft widerrufen werden.<\/p>\n\n\n\n<p>Einwilligung in die Ver\u00f6ffentlichung von Personenbildnissen Fotos und Videos von Mitgliedern k\u00f6nnen bei sportlichen Veranstaltungen und zur Pr\u00e4sentation von Mannschaften angefertigt werden und in folgenden Medien ver\u00f6ffentlicht werden:<\/p>\n\n\n\n<p><strong>\u2022 Homepage des Vereins<\/strong><\/p>\n\n\n\n<p><strong>\u2022 Soziale Medien des Vereins (Facebook, Instagram, Tik Tok)<\/strong><\/p>\n\n\n\n<p><strong>\u2022 regionale Presseerzeugnisse (z.B. Ruhrnachrichten)<\/strong><\/p>\n\n\n\n<p>Die Fotos und Videos von Mitgliedern sind mit der Ver\u00f6ffentlichung im Internet oder in sozialen Netzwerken weltweit abrufbar. Eine Weiterverwendung und\/oder Ver\u00e4nderung durch Dritte kann hierbei nichtausgeschlossen werden. Soweit die Einwilligung nicht widerrufen wird, gilt sie zeitlich unbeschr\u00e4nkt. Die Einwilligung kann mit Wirkung f\u00fcr die Zukunft widerrufen werden. Der Widerruf der Einwilligung muss in Textform (Brief oder per Mail) gegen\u00fcber dem Jugend Handball Dortmund e.V. erfolgen.<\/p>\n\n\n\n<p>Eine vollst\u00e4ndige L\u00f6schung der ver\u00f6ffentlichen Fotos und Videoaufzeichnungen im Internet kann durch den Jugend Handball Dortmund e. V. nicht sichergestellt werden, da z.B. andere Internetseiten die Fotos und Videos kopiert oder ver\u00e4ndert haben k\u00f6nnten. Der Jugend Handball Dortmund  e.V. kann nicht haftbar gemacht werden f\u00fcr Art und Form der Nutzung durch Dritte wie z.B. f\u00fcr das Herunterladen von Fotos und Videos und deren anschlie\u00dfender Nutzung und Ver\u00e4nderung.<\/p>\n\n\n\n<p>Trotz eines Widerrufs d\u00fcrfen Fotos und Videos von einem Mitglied angefertigt im Rahmen der Teilnahme an \u00f6ffentlichen Veranstaltungen des Vereins im Rahmen der \u00d6ffentlichkeitsarbeit ver\u00f6ffentlicht werden.<\/p>\n\n\n\n<p>Bei Minderj\u00e4hrigen wird die Einwilligung in die Datenverarbeitung des Jugend Handball Dortmund e.V. mit Unterschrift des\/der gesetzlichen Vertreter\/s erteilt.<\/p>\n\n\n\n<p>Einen Widerruf bitte senden an:<\/p>\n\n\n\n<p>Jugend Handball Dortmund e. V.<\/p>\n\n\n\n<p>Datenschutzbeauftragter Hans Ernst Walter<\/p>\n\n\n\n<p>Kronenstra\u00dfe 12<\/p>\n\n\n\n<p>44139 Dortmund<\/p>\n\n\n\n<p>E-Mail: <a href=\"mailto:vorstand@jugend-handball-dortmund.de\">vorstand@jugend-handball-dortmund.de<\/a><\/p>\n\n\n\n<p><\/p>\n\n\n\n<p><strong>2. Informationspflichten nach \u00a7 13 und 14<\/strong><\/p>\n\n\n\n<p><\/p>\n\n\n\n<p>Nach \u00a7 13 und 14 DSGVO hat der Verantwortliche einer betroffenen Person, deren Daten er verarbeitet, die in den Artikeln genannten Informationen bereit zu stellen. Dieser Informationspflicht kommt dieses Datenblatt nach und ist jederzeit auf der Homepage, oder in der Gesch\u00e4ftsstelle des Jugend Handball Dortmund e. V. einsehbar.<\/p>\n\n\n\n<p>Namen und Kontaktdaten des\/der Verantwortlichen<\/p>\n\n\n\n<p>Jugend Handball Dortmund  e. V.<\/p>\n\n\n\n<p>Kronenstra\u00dfe 12<\/p>\n\n\n\n<p>D-44139 Dortmund<\/p>\n\n\n\n<p>E-Mail: info@jugend-handball-dortmund.de<\/p>\n\n\n\n<p>gesetzlich vertreten durch den gesch\u00e4ftsf\u00fchrenden Vorstand nach \u00a7 26 BGB Hans Ernst Walter (Vorsitzender),Constantin Rothenberg (stellvertretender Vorsitzender), Michael Rothenberg (stellvertretender Vorsitzender) und Antje Rothenberg (Schatzmeisterin).<\/p>\n\n\n\n<p>Zwecke, f\u00fcr die personenbezogene Daten verarbeitet werden:<\/p>\n\n\n\n<p>Die personenbezogenen Daten werden f\u00fcr die Durchf\u00fchrung des Mitgliedschaftsverh\u00e4ltnisses, Einladung zu Versammlungen, Beitragseinzug, Organisation des Sportbetriebes ben\u00f6tigt und verwendet. Ferner werden personenbezogene Daten zur Teilnahme am Wettkampf-, Turnier- und Spielbetrieb der Landesfachverb\u00e4nde an diese weitergeleitet. Dar\u00fcber hinaus werden personenbezogene Daten im Zusammenhang mit sportlichen Ereignissen einschlie\u00dflich der Berichterstattung hier\u00fcber auf der Internetseite des Vereins, in Auftritten des Vereins in Sozialen Medien sowie auf Seiten der Fachverb\u00e4nde ver\u00f6ffentlicht und an lokale, regionale und \u00fcberregionale Printmedien \u00fcbermittelt. <\/p>\n\n\n\n<p>Rechtsgrundlagen, auf Grund derer die Verarbeitung erfolgt: Die Verarbeitung der personenbezogenen Daten erfolgt in der Regel aufgrund der Erforderlichkeit zur Erf\u00fcllung eines Vertrages gem\u00e4\u00df Artikel 6 Abs. 1 b) DSGVO. Bei den Vertragsverh\u00e4ltnissen handelt es sich in erster Linie um das Mitgliedschaftsverh\u00e4ltnis im Verein und um Teilnahme am Spielbetrieb der Fachverb\u00e4nde. Werden personenbezogene Daten erhoben, ohne dass die Verarbeitung zur Erf\u00fcllung des Vertrages erforderlich ist, erfolgt die Verarbeitung aufgrund einer Einwilligung nach Artikel 6 Abs. 1 a) in Verbindung mit Artikel 7 DSGVO. Die Ver\u00f6ffentlichung personenbezogener Daten im Internet oder in lokalen, regionalen oder \u00fcberregionalen Printmedien erfolgt zur Wahrung berechtigter Interessen des Vereins (vgl. Artikel 6 Abs 1 f) DSGVO. Das berechtigte Interesse des Vereins besteht in der Information der \u00d6ffentlichkeit durch Berichterstattung \u00fcber die Aktivit\u00e4ten des Vereins. In diesem Rahmen werden personenbezogene Daten einschlie\u00dflich von Bildern der Teilnehmer zum Beispiel im Rahmen der Berichterstattung \u00fcber sportliche Ereignisse des Vereins ver\u00f6ffentlicht. Die Empf\u00e4nger oder Kategorien von Empf\u00e4ngern der personenbezogenen Daten Personenbezogene Daten der Mitglieder, die am Spiel- und Wettkampfbetrieb der Landesfachverb\u00e4nde teilnehmen, werden zum Erwerb einer Lizenz, einer Wertungskarte, eines Spielerpasses oder sonstiger Teilnahmeberechtigungen an den jeweiligen Landesfachverband weitergegeben. Die Daten der Bankverbindung der Mitglieder werden zum Zwecke des Beitragseinzugs an die Sparkasse Dortmund oder die Volksbank Dortmund weitergeleitet. Die Dauer, f\u00fcr die die personenbezogenen Daten gespeichert werden oder, falls dies nicht m\u00f6glich ist, die Kriterien f\u00fcr die Festlegung der Dauer: Die personenbezogenen Daten werden f\u00fcr die Dauer der Mitgliedschaft gespeichert. Mit Beendigung der Mitgliedschaft werden die Datenkategorien gem\u00e4\u00df den gesetzlichen Aufbewahrungsfristen weitere zehn Jahre vorgehalten und dann gel\u00f6scht. In der Zeit zwischen Beendigung der Mitgliedschaft und der L\u00f6schung wird die Verarbeitung dieser Daten eingeschr\u00e4nkt. Bestimmte Datenkategorien werden zumZwecke der Vereinschronik im Vereinsarchiv gespeichert. Hierbei handelt es sich um die Kategorien Vorname, Nachname, Zugeh\u00f6rigkeit zu einer Mannschaft, besondere sportliche Erfolge oder Ereignisse,an denen die betroffene Person mitgewirkt hat. Der Speicherung liegt ein berechtigtes Interesse des Vereins an der zeitgeschichtlichen Dokumentation von sportlichen Ereignissen und Erfolgen und der jeweiligen Zusammensetzung der Mannschaften zugrunde. Alle Daten der \u00fcbrigen Kategorien (z.B.Bankdaten, Anschrift, Kontaktdaten) werden mit Beendigung der Mitgliedschaft gel\u00f6scht. Der betroffenenPerson stehen unter den in den Artikeln jeweils genannten Voraussetzungen die nachfolgenden Rechte zu.<\/p>\n\n\n\n<p>\u2022 das Recht auf Auskunft nach Artikel 15 DSGVO &#8211; das Recht auf Berichtigung nach Artikel 16DSGVO<\/p>\n\n\n\n<p>\u2022 das Recht auf L\u00f6schung nach Artikel 17 DSGVO &#8211; das Recht auf Einschr\u00e4nkung der Verarbeitung nach Artikel 18 DSGVO<\/p>\n\n\n\n<p>\u2022 das Recht auf Daten\u00fcbertragbarkeit nach Artikel 20 DSGVO &#8211; das Widerspruchsrecht nach Artikel 21 DSGVO<\/p>\n\n\n\n<p>\u2022 das Recht auf Beschwerde bei einer Aufsichtsbeh\u00f6rde nach Artikel 77 DSGVO<\/p>\n\n\n\n<p>\u2022 das Recht, eine erteilte Einwilligung jederzeit widerrufen zu k\u00f6nnen, ohne dass die<\/p>\n\n\n\n<p>Rechtm\u00e4\u00dfigkeit, der aufgrund der Einwilligung bis zum Widerruf erfolgten Verarbeitung hierdurch ber\u00fchrt wird.<\/p>\n\n\n\n<p>Die Quelle, aus der personenbezogene Daten stammen:<\/p>\n\n\n\n<p>Die personenbezogenen Daten werden grunds\u00e4tzlich im Rahmen des Erwerbs der Mitgliedschaft erhoben.<\/p>\n\n\n\n<figure class=\"wp-block-image size-large is-resized\"><img loading=\"lazy\" decoding=\"async\" width=\"1024\" height=\"918\" src=\"https:\/\/jugend-handball-dortmund.de\/wp-content\/uploads\/2025\/03\/Logo_02-1024x918.png\" alt=\"\" class=\"wp-image-1143\" style=\"width:158px;height:auto\" srcset=\"https:\/\/jugend-handball-dortmund.de\/wp-content\/uploads\/2025\/03\/Logo_02-1024x918.png 1024w, https:\/\/jugend-handball-dortmund.de\/wp-content\/uploads\/2025\/03\/Logo_02-300x269.png 300w, https:\/\/jugend-handball-dortmund.de\/wp-content\/uploads\/2025\/03\/Logo_02-768x688.png 768w, https:\/\/jugend-handball-dortmund.de\/wp-content\/uploads\/2025\/03\/Logo_02-1536x1377.png 1536w, https:\/\/jugend-handball-dortmund.de\/wp-content\/uploads\/2025\/03\/Logo_02.png 1890w\" sizes=\"auto, (max-width: 1024px) 100vw, 1024px\" \/><\/figure>\n\n\n\n<p><\/p>\n","protected":false},"excerpt":{"rendered":"<p>Einwilligung in die Datenverarbeitung und Informationspflichten nach \u00a7 13 \u00a7 14 Mit der Abgabe des vollst\u00e4ndig ausgef\u00fcllten Aufnahmeantrages und\/oder Anmeldung zu offenen Trainings des Jugend Handball Dortmund e. V. erkenne &#8230;<\/p>\n","protected":false},"author":2,"featured_media":0,"parent":0,"menu_order":0,"comment_status":"closed","ping_status":"closed","template":"","meta":{"footnotes":""},"class_list":["post-452","page","type-page","status-publish","hentry"],"_links":{"self":[{"href":"https:\/\/jugend-handball-dortmund.de\/index.php\/wp-json\/wp\/v2\/pages\/452","targetHints":{"allow":["GET"]}}],"collection":[{"href":"https:\/\/jugend-handball-dortmund.de\/index.php\/wp-json\/wp\/v2\/pages"}],"about":[{"href":"https:\/\/jugend-handball-dortmund.de\/index.php\/wp-json\/wp\/v2\/types\/page"}],"author":[{"embeddable":true,"href":"https:\/\/jugend-handball-dortmund.de\/index.php\/wp-json\/wp\/v2\/users\/2"}],"replies":[{"embeddable":true,"href":"https:\/\/jugend-handball-dortmund.de\/index.php\/wp-json\/wp\/v2\/comments?post=452"}],"version-history":[{"count":14,"href":"https:\/\/jugend-handball-dortmund.de\/index.php\/wp-json\/wp\/v2\/pages\/452\/revisions"}],"predecessor-version":[{"id":2193,"href":"https:\/\/jugend-handball-dortmund.de\/index.php\/wp-json\/wp\/v2\/pages\/452\/revisions\/2193"}],"wp:attachment":[{"href":"https:\/\/jugend-handball-dortmund.de\/index.php\/wp-json\/wp\/v2\/media?parent=452"}],"curies":[{"name":"wp","href":"https:\/\/api.w.org\/{rel}","templated":true}]}}