{"id":2366,"date":"2026-03-18T12:23:47","date_gmt":"2026-03-18T12:23:47","guid":{"rendered":"https:\/\/jugend-handball-dortmund.de\/?page_id=2366"},"modified":"2026-04-28T10:31:05","modified_gmt":"2026-04-28T10:31:05","slug":"foerdergruppe-joerg-krewinkel","status":"publish","type":"page","link":"https:\/\/jugend-handball-dortmund.de\/index.php\/foerdergruppe-joerg-krewinkel\/","title":{"rendered":"F\u00f6rdergruppe Joerg Krewinkel"},"content":{"rendered":"\n<p><\/p>\n\n\n\n<p class=\"has-black-color has-text-color has-link-color has-small-font-size wp-elements-0fce9207f55c8fca246a18e63308f14e\"><strong>Zur Erinnerung an diesen wunderbaren Menschen und erfolgreichen Handballer der \u00fcber den TuS Do-Wellinghofen und VFL Eintracht Hagen zum TBV Lemgo wechselte und dort zwischen 1985 und 1994 zum F\u00fchrungsspieler wurde. Im Januar 1989 berief ihn Peter Ivanescu beim Ostseepokal gegen die Sowjetunion erstmals in die Nationalmannschaft. <\/strong><\/p>\n\n\n\n<p class=\"has-black-color has-text-color has-link-color has-small-font-size wp-elements-7a658890b7e8d025f38dbe20cf7ea5a9\"><strong>Er verstarb viel zu fr\u00fch am 14.Oktober 2024<\/strong><\/p>\n\n\n\n<figure class=\"wp-block-image size-full is-resized\"><img loading=\"lazy\" decoding=\"async\" width=\"195\" height=\"183\" src=\"https:\/\/jugend-handball-dortmund.de\/wp-content\/uploads\/2026\/03\/Unknown.jpeg\" alt=\"\" class=\"wp-image-2381\" style=\"width:319px;height:auto\"\/><\/figure>\n\n\n\n<p class=\"has-black-color has-text-color has-link-color has-small-font-size wp-elements-e825362e90fd1ba0aead6389c3d41a39\"><strong>Jetzt wurde von Tadeusz Jeziorski die<\/strong> <\/p>\n\n\n\n<p class=\"has-black-color has-text-color has-link-color has-medium-font-size wp-elements-2887205258134653183cb4125e162fef\"><strong>F\u00f6rdergruppe Joerg Krewinkel ins Leben gerufen. <\/strong><\/p>\n\n\n\n<p class=\"has-black-color has-text-color has-link-color has-small-font-size wp-elements-185eaf360c581b1f029512e4e3b99875\"><strong>Diese sammelt zu Gunsten des Jugend Handball Dortmund e. V. Gelder, die ausschlie\u00dflich f\u00fcr die F\u00f6rderung der Handballjugend in Dortmund verwendet werden. <\/strong><\/p>\n\n\n\n<p class=\"has-black-color has-text-color has-link-color has-medium-font-size wp-elements-962641f3d7fb2560245b17b2e0859390\"><strong>Spendenstand<\/strong> <strong>bis 28.04.2026<\/strong>: <strong>\u20ac 1.700,00<\/strong><\/p>\n\n\n\n<p class=\"has-black-color has-text-color has-link-color has-small-font-size wp-elements-7773241ff19dd7276897e387038a333c\"><strong>Hierf\u00fcr bedankt sich der Jugend Handball Dortmund e. V. bei allen Spendern.<\/strong><\/p>\n\n\n\n<p class=\"has-black-color has-text-color has-link-color has-small-font-size wp-elements-fda5219e57c5e39af04793b491c56396\"><\/p>\n\n\n\n<p class=\"has-black-color has-text-color has-link-color has-medium-font-size wp-elements-32539754f4de12574a04a8bf40433492\"><strong>Einzug per SEPA<\/strong> <strong>oder \u00dcberweisung<\/strong><\/p>\n\n\n\n<style id=\"wpforms-css-vars-2371\">\n\t\t\t\t#wpforms-2371 {\n\t\t\t\t--wpforms-container-padding: 0px;\n--wpforms-container-border-width: 1px;\n--wpforms-container-border-radius: 3px;\n--wpforms-background-color: rgba(0, 0, 0, 0);\n--wpforms-field-size-input-height: 43px;\n--wpforms-field-size-input-spacing: 15px;\n--wpforms-field-size-font-size: 16px;\n--wpforms-field-size-line-height: 19px;\n--wpforms-field-size-padding-h: 14px;\n--wpforms-field-size-checkbox-size: 16px;\n--wpforms-field-size-sublabel-spacing: 5px;\n--wpforms-field-size-icon-size: 1;\n--wpforms-label-size-font-size: 16px;\n--wpforms-label-size-line-height: 19px;\n--wpforms-label-size-sublabel-font-size: 14px;\n--wpforms-label-size-sublabel-line-height: 17px;\n--wpforms-button-size-font-size: 17px;\n--wpforms-button-size-height: 41px;\n--wpforms-button-size-padding-h: 15px;\n--wpforms-button-size-margin-top: 10px;\n--wpforms-container-shadow-size-box-shadow: none;\n\t\t\t}\n\t\t\t<\/style><div class=\"wpforms-container wpforms-container-full wpforms-render-modern\" id=\"wpforms-2371\"><form id=\"wpforms-form-2371\" class=\"wpforms-validate wpforms-form wpforms-ajax-form\" data-formid=\"2371\" method=\"post\" enctype=\"multipart\/form-data\" action=\"\/index.php\/wp-json\/wp\/v2\/pages\/2366\" data-token=\"1014c7f4ecb659040b74864bc6fe72dd\" data-token-time=\"1777899245\"><noscript class=\"wpforms-error-noscript\">Bitte aktiviere JavaScript in deinem Browser, um dieses Formular fertigzustellen.<\/noscript><div id=\"wpforms-error-noscript\" style=\"display: none;\">Bitte aktiviere JavaScript in deinem Browser, um dieses Formular fertigzustellen.<\/div><div class=\"wpforms-field-container\"><div id=\"wpforms-2371-field_1-container\" class=\"wpforms-field wpforms-field-name\" data-field-id=\"1\"><fieldset><legend class=\"wpforms-field-label\">Name <span class=\"wpforms-required-label\" aria-hidden=\"true\">*<\/span><\/legend><div class=\"wpforms-field-row wpforms-field-medium\"><div class=\"wpforms-field-row-block wpforms-first wpforms-one-half\"><input type=\"text\" id=\"wpforms-2371-field_1\" class=\"wpforms-field-name-first wpforms-field-required\" name=\"wpforms[fields][1][first]\" aria-errormessage=\"wpforms-2371-field_1-error\" required><label for=\"wpforms-2371-field_1\" class=\"wpforms-field-sublabel after\">Vorname<\/label><\/div><div class=\"wpforms-field-row-block wpforms-one-half\"><input type=\"text\" id=\"wpforms-2371-field_1-last\" class=\"wpforms-field-name-last wpforms-field-required\" name=\"wpforms[fields][1][last]\" aria-errormessage=\"wpforms-2371-field_1-last-error\" required><label for=\"wpforms-2371-field_1-last\" class=\"wpforms-field-sublabel after\">Nachname<\/label><\/div><\/div><\/fieldset><\/div><div id=\"wpforms-2371-field_5-container\" class=\"wpforms-field wpforms-field-text\" data-field-id=\"5\"><label class=\"wpforms-field-label\" for=\"wpforms-2371-field_5\">Stra\u00dfe und Hausnummer <span class=\"wpforms-required-label\" aria-hidden=\"true\">*<\/span><\/label><input type=\"text\" id=\"wpforms-2371-field_5\" class=\"wpforms-field-large wpforms-field-required\" name=\"wpforms[fields][5]\" placeholder=\"    Stra\u00dfe                                   Hausnummer\" aria-errormessage=\"wpforms-2371-field_5-error\" required><\/div><div id=\"wpforms-2371-field_36-container\" class=\"wpforms-field wpforms-field-text\" data-field-id=\"36\"><label class=\"wpforms-field-label\" for=\"wpforms-2371-field_36\">PLZ und Stadt <span class=\"wpforms-required-label\" aria-hidden=\"true\">*<\/span><\/label><input type=\"text\" id=\"wpforms-2371-field_36\" class=\"wpforms-field-medium wpforms-field-required\" name=\"wpforms[fields][36]\" placeholder=\"Postleitzahl                            Stadt\" aria-errormessage=\"wpforms-2371-field_36-error\" required><\/div><div id=\"wpforms-2371-field_2-container\" class=\"wpforms-field wpforms-field-email\" data-field-id=\"2\"><label class=\"wpforms-field-label\" for=\"wpforms-2371-field_2\">E-Mail-Adresse <span class=\"wpforms-required-label\" aria-hidden=\"true\">*<\/span><\/label><input type=\"email\" id=\"wpforms-2371-field_2\" class=\"wpforms-field-small wpforms-field-required\" name=\"wpforms[fields][2]\" spellcheck=\"false\" aria-errormessage=\"wpforms-2371-field_2-error\" required><\/div><div id=\"wpforms-2371-field_13-container\" class=\"wpforms-field wpforms-field-radio\" data-field-id=\"13\"><fieldset><legend class=\"wpforms-field-label\">Zahlung per Lastschrift <span class=\"wpforms-required-label\" aria-hidden=\"true\">*<\/span><\/legend><ul id=\"wpforms-2371-field_13\" class=\"wpforms-field-required\"><li class=\"choice-2 depth-1\"><input type=\"radio\" id=\"wpforms-2371-field_13_2\" name=\"wpforms[fields][13]\" value=\"Ich erlaube dem Jugend Handball Dortmund e. V. f\u00fcr die F\u00f6rdergruppe Joerg Krewinkel einmalig eine Spende per SEPA-Lastschrift von meinem Konto nach den gesetzlichen Vorgaben einzuziehen. Herzlichen Dank vom JHD e. V. den Mitgliedern der F\u00f6rdergruppe Joerg Krewinkel.\" aria-errormessage=\"wpforms-2371-field_13_2-error\" required ><label class=\"wpforms-field-label-inline\" for=\"wpforms-2371-field_13_2\">Ich erlaube dem Jugend Handball Dortmund e. V. f\u00fcr die F\u00f6rdergruppe Joerg Krewinkel einmalig eine Spende per SEPA-Lastschrift von meinem Konto nach den gesetzlichen Vorgaben einzuziehen. Herzlichen Dank vom JHD e. V. den Mitgliedern der F\u00f6rdergruppe Joerg Krewinkel.<\/label><\/li><\/ul><\/fieldset><\/div><div id=\"wpforms-2371-field_43-container\" class=\"wpforms-field wpforms-field-text\" data-field-id=\"43\"><label class=\"wpforms-field-label\" for=\"wpforms-2371-field_43\">Betrag in Euro <span class=\"wpforms-required-label\" aria-hidden=\"true\">*<\/span><\/label><input type=\"text\" id=\"wpforms-2371-field_43\" class=\"wpforms-field-medium wpforms-field-required\" name=\"wpforms[fields][43]\" aria-errormessage=\"wpforms-2371-field_43-error\" required><\/div><div id=\"wpforms-2371-field_35-container\" class=\"wpforms-field wpforms-field-text\" data-field-id=\"35\"><label class=\"wpforms-field-label\" for=\"wpforms-2371-field_35\">Kontoinhaber<\/label><input type=\"text\" id=\"wpforms-2371-field_35\" class=\"wpforms-field-medium\" name=\"wpforms[fields][35]\" aria-errormessage=\"wpforms-2371-field_35-error\" ><\/div>\t\t<div id=\"wpforms-2371-field_3-container\"\n\t\t\tclass=\"wpforms-field wpforms-field-text\"\n\t\t\tdata-field-type=\"text\"\n\t\t\tdata-field-id=\"3\"\n\t\t\t>\n\t\t\t<label class=\"wpforms-field-label\" for=\"wpforms-2371-field_3\" >Zahlung DSGVO-Einverst\u00e4ndnis Name<\/label>\n\t\t\t<input type=\"text\" id=\"wpforms-2371-field_3\" class=\"wpforms-field-medium\" name=\"wpforms[fields][3]\" >\n\t\t<\/div>\n\t\t<div id=\"wpforms-2371-field_34-container\" class=\"wpforms-field wpforms-field-text\" data-field-id=\"34\"><label class=\"wpforms-field-label\" for=\"wpforms-2371-field_34\">IBAN <span class=\"wpforms-required-label\" aria-hidden=\"true\">*<\/span><\/label><input type=\"text\" id=\"wpforms-2371-field_34\" class=\"wpforms-field-medium wpforms-field-required\" name=\"wpforms[fields][34]\" aria-errormessage=\"wpforms-2371-field_34-error\" aria-describedby=\"wpforms-2371-field_34-description\" required><div id=\"wpforms-2371-field_34-description\" class=\"wpforms-field-description\"> DExx  xxxx xxxx xxxx xxxx xx<\/div><\/div><div id=\"wpforms-2371-field_20-container\" class=\"wpforms-field wpforms-field-gdpr-checkbox\" data-field-id=\"20\"><label class=\"wpforms-field-label\">DSGVO-Einverst\u00e4ndnis und Zustimmung zur Satzung <span class=\"wpforms-required-label\" aria-hidden=\"true\">*<\/span><\/label><ul id=\"wpforms-2371-field_20\" class=\"wpforms-field-required\"><li class=\"choice-1\"><input type=\"checkbox\" id=\"wpforms-2371-field_20_1\" name=\"wpforms[fields][20][]\" value=\"Ich willige ein, dass diese Website meine \u00fcbermittelten Informationen speichert, sodass meine Anfrage bearbeitet und beantwortet werden kann. Ich stimme Satzung und Ordnungen des Jugend Handball Dortmund e. V. in der jeweils g\u00fcltigen Fassung zu und ebenso  Datenverarbeitung\/Datenschutzausf\u00fchrungen  und den Informationspflichten nach \u00a7 13 und \u00a7 14 DSGVO. Die Informationen hierzu stehen auf der Webseite des Jugend Handball Dortmund e. V.\" aria-errormessage=\"wpforms-2371-field_20_1-error\" required ><label class=\"wpforms-field-label-inline\" for=\"wpforms-2371-field_20_1\">Ich willige ein, dass diese Website meine \u00fcbermittelten Informationen speichert, sodass meine Anfrage bearbeitet und beantwortet werden kann. Ich stimme Satzung und Ordnungen des Jugend Handball Dortmund e. V. in der jeweils g\u00fcltigen Fassung zu und ebenso  Datenverarbeitung\/Datenschutzausf\u00fchrungen  und den Informationspflichten nach \u00a7 13 und \u00a7 14 DSGVO. Die Informationen hierzu stehen auf der Webseite des Jugend Handball Dortmund e. V.<\/label><\/li><\/ul><\/div><script>\n\t\t\t\t( function() {\n\t\t\t\t\tconst style = document.createElement( 'style' );\n\t\t\t\t\tstyle.appendChild( document.createTextNode( '#wpforms-2371-field_3-container { position: absolute !important; overflow: hidden !important; display: inline !important; height: 1px !important; width: 1px !important; z-index: -1000 !important; padding: 0 !important; } #wpforms-2371-field_3-container input { visibility: hidden; } #wpforms-conversational-form-page #wpforms-2371-field_3-container label { counter-increment: none; }' ) );\n\t\t\t\t\tdocument.head.appendChild( style );\n\t\t\t\t\tdocument.currentScript?.remove();\n\t\t\t\t} )();\n\t\t\t<\/script><\/div><!-- .wpforms-field-container --><div class=\"wpforms-submit-container\" ><input type=\"hidden\" name=\"wpforms[id]\" value=\"2371\"><input type=\"hidden\" name=\"page_title\" value=\"\"><input type=\"hidden\" name=\"page_url\" value=\"https:\/\/jugend-handball-dortmund.de\/index.php\/wp-json\/wp\/v2\/pages\/2366\"><input type=\"hidden\" name=\"url_referer\" value=\"\"><button type=\"submit\" name=\"wpforms[submit]\" id=\"wpforms-submit-2371\" class=\"wpforms-submit\" data-alt-text=\"Wird gesendet\u00a0\u2026\" data-submit-text=\"Absenden\" aria-live=\"assertive\" value=\"wpforms-submit\">Absenden<\/button><img loading=\"lazy\" decoding=\"async\" src=\"https:\/\/jugend-handball-dortmund.de\/wp-content\/plugins\/wpforms-lite\/assets\/images\/submit-spin.svg\" class=\"wpforms-submit-spinner\" style=\"display: none;\" width=\"26\" height=\"26\" alt=\"Wird geladen\"><\/div><\/form><\/div>  <!-- .wpforms-container -->\n\n\n\n<p><\/p>\n\n\n\n<p class=\"has-black-color has-text-color has-link-color has-small-font-size wp-elements-fda5219e57c5e39af04793b491c56396\"><\/p>\n\n\n\n<p class=\"has-black-color has-text-color has-link-color has-medium-font-size wp-elements-14b4b49359065ba1b0520e5e8f7506d3\"><strong>\u00dcberweisung <\/strong><\/p>\n\n\n\n<p class=\"has-black-color has-text-color has-link-color has-small-font-size wp-elements-1e1d282e81eb3ff4ed65fa6d037134fe\"><strong>F\u00f6rdergruppe Joerg Krewinkel<\/strong><\/p>\n\n\n\n<p class=\"has-black-color has-text-color has-link-color has-small-font-size wp-elements-3f18f416c5347a038f48eac4d5ae7347\"><strong>Konto Sparkasse Dortmund<\/strong><\/p>\n\n\n\n<p class=\"has-black-color has-text-color has-link-color has-small-font-size wp-elements-3baa1f85aed3b0ec5dfba02bf8d54b15\"><strong>DE57 4405 0199 0971 0053 78<\/strong><\/p>\n\n\n\n<p><\/p>\n\n\n\n<p class=\"has-black-color has-text-color has-link-color has-medium-font-size wp-elements-e802c316cff6d72e06ef495203ee5fc3\"><strong>Informationen f\u00fcr Spender<\/strong><\/p>\n\n\n\n<p class=\"has-black-color has-text-color has-link-color has-small-font-size wp-elements-88d694b2385e0321741a6cfa3868b2a8\"><strong>Die Gemeinn\u00fctzigkeit hat das Finanzamt mit Bescheid vom 14.04.2025 best\u00e4tigt.&nbsp;<\/strong><\/p>\n\n\n\n<p class=\"has-black-color has-text-color has-link-color has-small-font-size wp-elements-480b43b7e40cdbf391133fa2e27c7901\"><strong>Der Jugend Handball Dortmund e. V.<\/strong> <strong>darf Spendenbescheinigungen ausstellen.<\/strong><\/p>\n\n\n\n<p class=\"has-black-color has-text-color has-link-color has-small-font-size wp-elements-565b2dc572be7a8bfab8e66b9cba6c5a\"><strong>Der Verein ist eingetragen beim Amtsgericht Dortmund unter der Vereinsregister Nr. VR 8069<\/strong>.<\/p>\n\n\n\n<p class=\"has-black-color has-text-color has-link-color has-small-font-size wp-elements-24071f6ece9f5fb4997662931fc6eb6d\"><strong>Spendeneinzug erfolgt mit SEPA-Mandat online f\u00fcr Jugend Handball Dortmund e. V. oder durch \u00dcberweisung<\/strong> <strong>durch den Spender<\/strong>.<\/p>\n\n\n\n<p class=\"has-black-color has-text-color has-link-color has-small-font-size wp-elements-2aed59e7a7d003911804db6b11a42716\"><strong>Mandatsreferenz wird bei SEPA-Einzug mit der Abbuchung  \u00fcbermittelt.<\/strong> <\/p>\n\n\n\n<p class=\"has-black-color has-text-color has-link-color has-small-font-size wp-elements-4089375859d79a25417acf2a710c1e51\"><strong>Gl\u00e4ubiger-Identifikation: DE95 ZZZ 0000 2798 552<\/strong><\/p>\n\n\n\n<p class=\"has-black-color has-text-color has-link-color has-small-font-size wp-elements-706ed73e6a3218936236e15730b3a2d8\"><strong>Die Spendenbescheinigung senden wir ihnen per mail zu<\/strong>.<\/p>\n","protected":false},"excerpt":{"rendered":"<p>Zur Erinnerung an diesen wunderbaren Menschen und erfolgreichen Handballer der \u00fcber den TuS Do-Wellinghofen und VFL Eintracht Hagen zum TBV Lemgo wechselte und dort zwischen 1985 und 1994 zum F\u00fchrungsspieler &#8230;<\/p>\n","protected":false},"author":2,"featured_media":0,"parent":0,"menu_order":0,"comment_status":"closed","ping_status":"closed","template":"","meta":{"footnotes":""},"class_list":["post-2366","page","type-page","status-publish","hentry"],"_links":{"self":[{"href":"https:\/\/jugend-handball-dortmund.de\/index.php\/wp-json\/wp\/v2\/pages\/2366","targetHints":{"allow":["GET"]}}],"collection":[{"href":"https:\/\/jugend-handball-dortmund.de\/index.php\/wp-json\/wp\/v2\/pages"}],"about":[{"href":"https:\/\/jugend-handball-dortmund.de\/index.php\/wp-json\/wp\/v2\/types\/page"}],"author":[{"embeddable":true,"href":"https:\/\/jugend-handball-dortmund.de\/index.php\/wp-json\/wp\/v2\/users\/2"}],"replies":[{"embeddable":true,"href":"https:\/\/jugend-handball-dortmund.de\/index.php\/wp-json\/wp\/v2\/comments?post=2366"}],"version-history":[{"count":19,"href":"https:\/\/jugend-handball-dortmund.de\/index.php\/wp-json\/wp\/v2\/pages\/2366\/revisions"}],"predecessor-version":[{"id":2795,"href":"https:\/\/jugend-handball-dortmund.de\/index.php\/wp-json\/wp\/v2\/pages\/2366\/revisions\/2795"}],"wp:attachment":[{"href":"https:\/\/jugend-handball-dortmund.de\/index.php\/wp-json\/wp\/v2\/media?parent=2366"}],"curies":[{"name":"wp","href":"https:\/\/api.w.org\/{rel}","templated":true}]}}