{"id":22,"date":"2025-01-30T19:41:11","date_gmt":"2025-01-30T19:41:11","guid":{"rendered":"https:\/\/jugend-handball-dortmund.de\/?page_id=22"},"modified":"2026-04-02T11:40:43","modified_gmt":"2026-04-02T11:40:43","slug":"motivation","status":"publish","type":"page","link":"https:\/\/jugend-handball-dortmund.de\/index.php\/motivation\/","title":{"rendered":"JHD &#8211; F\u00f6rder- und Sportverein"},"content":{"rendered":"\n<p><\/p>\n\n\n\n<p><a href=\"http:\/\/www.handball.tusscharnhorst.de\"><\/a><\/p>\n\n\n\n<p class=\"has-black-color has-text-color has-link-color has-small-font-size wp-elements-4ca1f17424b0d3feced43fb0a44b91c0\"><strong>Der F\u00f6rder- und Sportverein Jugend Handball Dortmund wurde 2025 gegr\u00fcndet. <\/strong><\/p>\n\n\n\n<p class=\"has-black-color has-text-color has-link-color has-small-font-size wp-elements-b7b019fa3d3716723a9441727a8da446\"><strong>Der Vorstand vertritt den Verein in allen Fragen und freut sich auf Anregungen und Unterst\u00fctzung jeglicher Art.<\/strong><\/p>\n\n\n\n<p class=\"has-vivid-cyan-blue-color has-text-color has-link-color has-small-font-size wp-elements-8acbcfe0c67efe461c1980e0cd1f2e4a\"><strong><a href=\"https:\/\/jugend-handball-dortmund.de\/index.php\/kontakt\/\" data-type=\"link\" data-id=\"https:\/\/jugend-handball-dortmund.de\/index.php\/kontakt\/\">Kontakt zum Vorstand <\/a><\/strong><\/p>\n\n\n\n<p class=\"has-black-color has-text-color has-link-color has-small-font-size wp-elements-023db1474f31aea0732ee3c0047a579f\"><strong>Im Vorstand Jugend Handball Dortmund e. V. sind folgende Personen verantwortlich t\u00e4tig.<\/strong><\/p>\n\n\n\n<p>Hans Ernst Walter Vorsitzender<\/p>\n\n\n\n<p>Dennis Willebrandt stellv. Vorsitzender<\/p>\n\n\n\n<p>Thomas Sch\u00e4fer stellv. Vorsitzender<\/p>\n\n\n\n<p>Gabriele  Overwaul Schatzmeisterin<\/p>\n\n\n\n<p class=\"has-black-color has-text-color has-link-color has-small-font-size wp-elements-1ae42d0d300bdfe47da3de7f9866c976\"><strong>Kooperationspartner vom Jugend Handball Dortmund e. V. ist die Handballabteilung des TuS Dortmund Wellinghofen 1905 e. v.<\/strong> <strong>Weitere Vereine werden dieses Jahr folgen.<\/strong><\/p>\n\n\n\n<p class=\"has-black-color has-text-color has-link-color has-small-font-size wp-elements-9e3b944f7eb2a9ee8165b9d394d5d393\"><strong>Der Jugend Handball Dortmund e. V. ist seit 2026 Mitglied im Landessportbund (LSB-Nummer 5002474) und hat damit auch die M\u00f6glichkeit f\u00fcr F\u00f6rderprogramme ber\u00fccksichtigt zu werden. <\/strong><\/p>\n\n\n\n<p class=\"has-black-color has-text-color has-link-color has-small-font-size wp-elements-4518d6bf109267dc877d1611c796e5f6\"><strong>Auch der StadtSportBund hat den Jugend Handball Dortmund e. V. als Mitglied aufgenommen.<\/strong><\/p>\n\n\n\n<p class=\"has-black-color has-text-color has-link-color has-small-font-size wp-elements-0e50e337104b24120fabfd3bbac4348b\"><strong>Bei Ph\u00f6nix II sind wir nun voll betriebsf\u00e4hig (Passwesen).<\/strong><\/p>\n\n\n\n<p class=\"has-black-color has-text-color has-link-color has-small-font-size wp-elements-bef5881d4dd63efd67c373b90c40288d\"><strong>Den Zugang zu Handball4all haben wir ebenfalls erhalten.<\/strong><\/p>\n\n\n\n<p class=\"has-black-color has-text-color has-link-color has-small-font-size wp-elements-3c54be0c435db0c19d496ec1b051aacd\"><strong>Damit sind wir als Sportverein voll funktionsf\u00e4hig und k\u00f6nnen Mannschaften unter Jugend Handball Dortmund e. V. zum Spielbetrieb anmelden. <\/strong><\/p>\n\n\n\n<p class=\"has-black-color has-text-color has-link-color has-small-font-size wp-elements-a2bf71858360b673d2608891d1c39c53\"><a href=\"http:\/\/www.tus-wellinghofen.de\" data-type=\"link\" data-id=\"www.tus-wellinghofen.de\"><\/a><a href=\"http:\/\/www.tus-wellinghofen.de\" data-type=\"link\" data-id=\"www.tus-wellinghofen.de\"><\/a><\/p>\n\n\n\n<p><a href=\"http:\/\/www.tus-wellinghofen.de\" data-type=\"link\" data-id=\"www.tus-wellinghofen.de\" rel=\"nofollow\"><img decoding=\"async\" class=\"wp-image-329\" style=\"width: 150px;\" src=\"https:\/\/jugend-handball-dortmund.de\/wp-content\/uploads\/2025\/02\/image-1.png\" alt=\"TuS\"><\/a> <img loading=\"lazy\" decoding=\"async\" width=\"150\" height=\"134\" class=\"wp-image-1143\" style=\"width: 150px;\" src=\"https:\/\/jugend-handball-dortmund.de\/wp-content\/uploads\/2025\/03\/Logo_02.png\" alt=\"\" srcset=\"https:\/\/jugend-handball-dortmund.de\/wp-content\/uploads\/2025\/03\/Logo_02.png 1890w, https:\/\/jugend-handball-dortmund.de\/wp-content\/uploads\/2025\/03\/Logo_02-300x269.png 300w, https:\/\/jugend-handball-dortmund.de\/wp-content\/uploads\/2025\/03\/Logo_02-1024x918.png 1024w, https:\/\/jugend-handball-dortmund.de\/wp-content\/uploads\/2025\/03\/Logo_02-768x688.png 768w, https:\/\/jugend-handball-dortmund.de\/wp-content\/uploads\/2025\/03\/Logo_02-1536x1377.png 1536w\" sizes=\"auto, (max-width: 150px) 100vw, 150px\" \/> <\/p>\n\n\n\n<p><\/p>\n\n\n\n<p class=\"has-black-color has-text-color has-link-color has-small-font-size wp-elements-fda5219e57c5e39af04793b491c56396\"><\/p>\n\n\n\n<p class=\"has-black-color has-text-color has-link-color has-small-font-size wp-elements-619508b8720b62a24e3c73cea8f731c2\"><strong>Die Eintragung in das Vereinsregister<\/strong> <strong>erfolgte<\/strong> <strong>zum 10.03.2025. VR 8069<\/strong>.<strong> <\/strong><\/p>\n\n\n\n<p class=\"has-black-color has-text-color has-link-color has-small-font-size wp-elements-b0e60563e7b33403fdc5343cba1b1b7e\"><strong>Die Voraussetzungen zur Gemeinn\u00fctzigkeit nach \u00a7 60 AO hat das Finanzamt mit Bescheid vom 14.04.2025 best\u00e4tigt.<\/strong><\/p>\n\n\n\n<p class=\"has-black-color has-text-color has-link-color has-small-font-size wp-elements-56e9774b1270a90672f3efcc152b5265\"><strong>Die Best\u00e4tigung nach \u00a7 63 der AO wird mit Einreichung und Pr\u00fcfung der Einnahmen und Ausgabenrechnung f\u00fcr das Jahr 2025 nachgewiesen.<\/strong><\/p>\n\n\n\n<p class=\"has-black-color has-text-color has-link-color has-small-font-size wp-elements-72f1b711e345831b25b982ad4b1d8d77\"><strong>Der Jugend Handball Dortmund e. V.<\/strong> <strong> darf Spendenbescheinigungen ausstellen.<\/strong><\/p>\n\n\n\n<p class=\"has-black-color has-text-color has-link-color has-small-font-size wp-elements-5f0d526ca8f0e19fac96bdfe3ac66b2d\"><strong>Der F\u00f6rderverein verfolgt das Ziel, die Handballjugend in Dortmund sportlich zu f\u00f6rdern. Dabei geht es dem Vorstand um folgendes:<\/strong><\/p>\n\n\n\n<ol class=\"wp-block-list\">\n<li class=\"has-black-color has-text-color has-link-color has-small-font-size wp-elements-fd0f46a3fcf639e32a86c1dc9dede831\"><strong>Dem Abgang von Spieler\/innen, die kein Interesse mehr am Handballsport haben, entgegenzuwirken.<\/strong><\/li>\n\n\n\n<li class=\"has-black-color has-text-color has-link-color has-small-font-size wp-elements-9829c9bc8e2001439b8fee33a9ec3fc1\"><strong>Dem Abgang von Spieler\/innen, die leistungsbezogener spielen wollen, Alternativen anzubieten.<\/strong><\/li>\n\n\n\n<li class=\"has-black-color has-text-color has-link-color has-small-font-size wp-elements-38a670aafb32ebfe66b2d97b2c71b5cb\"><strong>Die Spielunf\u00e4higkeit aufgrund von zu geringer Mannschaftsgr\u00f6\u00dfe durch Kooperationen mit dem JHD zu verhindern.<\/strong><\/li>\n\n\n\n<li class=\"has-black-color has-text-color has-link-color has-small-font-size wp-elements-715345c6fb291303823c8c1693e75c19\"><strong>Die Herausforderung von fehlenden Trainer\/innen bei der Aus\u00fcbung vom Trainings- und Spielbetrieb zu l\u00f6sen<\/strong>.<\/li>\n\n\n\n<li class=\"has-black-color has-text-color has-link-color has-small-font-size wp-elements-a57ba37fd11c5f15e988b95db89ab3c6\"><strong>Bei fehlenden Ressourcen, wie beispielsweise Hallenzeiten, zu unterst\u00fctzen.<\/strong> <\/li>\n\n\n\n<li class=\"has-black-color has-text-color has-link-color has-small-font-size wp-elements-c9171e275c1b59caa9f3c8b5f81dcf52\"><strong>Torwart Trainings f\u00fcr alle Dortmunder Vereine anzubieten, die das Angebot annehmen m\u00f6chten.<\/strong><\/li>\n\n\n\n<li class=\"has-black-color has-text-color has-link-color has-small-font-size wp-elements-776bbaa8df98d86e765ba188df87b9d5\"><strong>Sportmedizinische Untersuchungen und Erste Hilfe Kurse von erfahrenen \u00c4rzten geh\u00f6ren zum Programm vom JHD e. V<\/strong>.<\/li>\n<\/ol>\n\n\n\n<p class=\"has-black-color has-text-color has-link-color has-small-font-size wp-elements-e396f6ccc90ac9b0961235bb4f00d505\"><strong>Der Verein ist neutral t\u00e4tig, also nicht an einzelne Sportvereine gebunden.&nbsp;<\/strong><\/p>\n\n\n\n<p class=\"has-black-color has-text-color has-link-color has-medium-font-size wp-elements-777eaf610ccf623305ae542db2c3ab8d\"><strong>F\u00f6rderung und Spa\u00df am Handball<\/strong><\/p>\n\n\n\n<p class=\"has-black-color has-text-color has-link-color has-small-font-size wp-elements-58f92b568bef99d84771d61936e05e17\"><strong>Die Kinder und Jugendlichen im Handballsport in Dortmund sollen bestm\u00f6glich gef\u00f6rdert werden und dabei Spa\u00df haben. Unterst\u00fctzt werden die Vereine in Dortmund, die eine Kooperation mit dem F\u00f6rderverein eingehen m\u00f6chten, aber auch Kinder und Jugendliche, die auf Eigeninitiative die Angebote wahrnehmen m\u00f6chten. Es entstehen den Vereinen keine Kosten f\u00fcr die F\u00f6rderung der Jugendlichen. Es gibt die M\u00f6glichkeit, Mitglied im F\u00f6rderverein zu werden, sowohl f\u00fcr Vereine als auch f\u00fcr Einzelpersonen und Firmen.<\/strong><\/p>\n\n\n\n<p class=\"has-black-color has-text-color has-link-color has-small-font-size wp-elements-1246085e7f98e570d78399355e089dda\"><strong>Mit ersten Projekten war der JHD in Dortmund im Bereich offene Trainings f\u00fcr die D-Jugend und die C-Jugend im Februar und M\u00e4rz 2025 erfolgreich<\/strong>. <\/p>\n\n\n\n<p class=\"has-black-color has-text-color has-link-color has-small-font-size wp-elements-15f784d93226561fb9532de9ded798ce\"><strong>2026 wurde das Konzept weiter verfolgt. Im M\u00e4rz und April 2026 wurden\/werden leistungsorientiert Trainingseinheiten f\u00fcr die Jahrg\u00e4nge 2014 \/ 2015 durchgef\u00fchrt.<\/strong> <strong>Der JHD hat eine eigene Hallenzeit in Halle Nord III A.<\/strong> <strong>Dort wird auch die vom JHD f\u00fcr die Saison 2026\/2027 f\u00fcr die Kreisliga gemeldete D-Jugend Mannschaft trainieren.<\/strong> <strong>Diese Mannschaft tritt in der Kreisliga unter Jugend Handball Dortmund an und kann\/wird aus Spielern mehrerer Vereine bestehen. Die Jugendlichen bleiben als Mitglied in ihren Vereinen. Das Training wird von erfahrenen Trainern durchgef\u00fchrt.<\/strong> <strong>Wir w\u00fcnschen der Mannschaft viel Erfolg.<\/strong><\/p>\n\n\n\n<p class=\"has-black-color has-text-color has-link-color has-small-font-size wp-elements-88ecd3cb77b5fa43bf0b98895541c5db\"><strong>F\u00fcr die Hallenzeit in Halle Nord III A ab Saison 2025\/2026 herzlichen Dank an den SSB und Wolfgang Sommer, die das erm\u00f6glicht haben. In Nord III finden auch die leistungsorientierten Trainings f\u00fcr Jugendliche aus unterschiedlichen Dortmunder Handballvereinen zur Vorbereitung auf die Saison 2026\/2027 statt. Weitere Trainingszei<\/strong>t<strong>en in unterschiedlichen Stadtteilen werden 2026\/2027 f\u00fcr vereins\u00fcbergreifende Sondertrainings  ben\u00f6tigt und beantragt.<\/strong><\/p>\n\n\n\n<p class=\"has-black-color has-text-color has-link-color has-small-font-size wp-elements-2a620d36b647a840d419bd1c40c906e4\"><strong>Auf der  Webseite vom Jugend Handball Dortmund  werden alle relevanten Informationen ver\u00f6ffentlicht<\/strong>. <\/p>\n\n\n\n<p class=\"has-black-color has-text-color has-link-color has-small-font-size wp-elements-7414df15737c392606123430998d09f4\"><strong>Der Verein Jugend Handball Dortmund e. V. finanziert seine Projekte \u00fcber Mitgliedsbeitr\u00e4ge, Spenden und Sponsoren. Das Budget ist abgesichert.<\/strong> <\/p>\n\n\n\n<p class=\"has-black-color has-text-color has-link-color has-small-font-size wp-elements-693436bf052a54e2e33a4f9073995529\"><strong>Das Projekt wird unterst\u00fctzt vom StadtSportBund Dortmund<\/strong> <strong>und dem Handball Verband Westfalen.<\/strong> <\/p>\n\n\n\n<p class=\"has-black-color has-text-color has-link-color has-small-font-size wp-elements-fda5219e57c5e39af04793b491c56396\"><\/p>\n\n\n\n<p class=\"has-black-color has-text-color has-link-color has-medium-font-size wp-elements-4b332804220c723091284fc12f1b366d\"><strong>Fragen an den Vorstand<\/strong><\/p>\n\n\n\n<figure class=\"wp-block-image size-full is-resized\"><img loading=\"lazy\" decoding=\"async\" width=\"512\" height=\"512\" src=\"https:\/\/jugend-handball-dortmund.de\/wp-content\/uploads\/2025\/03\/cropped-Logo.png\" alt=\"\" class=\"wp-image-1148\" style=\"width:158px\" srcset=\"https:\/\/jugend-handball-dortmund.de\/wp-content\/uploads\/2025\/03\/cropped-Logo.png 512w, https:\/\/jugend-handball-dortmund.de\/wp-content\/uploads\/2025\/03\/cropped-Logo-300x300.png 300w, https:\/\/jugend-handball-dortmund.de\/wp-content\/uploads\/2025\/03\/cropped-Logo-150x150.png 150w, https:\/\/jugend-handball-dortmund.de\/wp-content\/uploads\/2025\/03\/cropped-Logo-270x270.png 270w, https:\/\/jugend-handball-dortmund.de\/wp-content\/uploads\/2025\/03\/cropped-Logo-192x192.png 192w, https:\/\/jugend-handball-dortmund.de\/wp-content\/uploads\/2025\/03\/cropped-Logo-180x180.png 180w, https:\/\/jugend-handball-dortmund.de\/wp-content\/uploads\/2025\/03\/cropped-Logo-32x32.png 32w\" sizes=\"auto, (max-width: 512px) 100vw, 512px\" \/><\/figure>\n\n\n\n<style id=\"wpforms-css-vars-669\">\n\t\t\t\t#wpforms-669 {\n\t\t\t\t--wpforms-container-padding: 0px;\n--wpforms-container-border-width: 1px;\n--wpforms-container-border-radius: 3px;\n--wpforms-background-color: rgba(0, 0, 0, 0);\n--wpforms-field-size-input-height: 43px;\n--wpforms-field-size-input-spacing: 15px;\n--wpforms-field-size-font-size: 16px;\n--wpforms-field-size-line-height: 19px;\n--wpforms-field-size-padding-h: 14px;\n--wpforms-field-size-checkbox-size: 16px;\n--wpforms-field-size-sublabel-spacing: 5px;\n--wpforms-field-size-icon-size: 1;\n--wpforms-label-size-font-size: 16px;\n--wpforms-label-size-line-height: 19px;\n--wpforms-label-size-sublabel-font-size: 14px;\n--wpforms-label-size-sublabel-line-height: 17px;\n--wpforms-button-size-font-size: 17px;\n--wpforms-button-size-height: 41px;\n--wpforms-button-size-padding-h: 15px;\n--wpforms-button-size-margin-top: 10px;\n--wpforms-container-shadow-size-box-shadow: none;\n\t\t\t}\n\t\t\t<\/style><div class=\"wpforms-container wpforms-container-full wpforms-render-modern\" id=\"wpforms-669\"><form id=\"wpforms-form-669\" class=\"wpforms-validate wpforms-form wpforms-ajax-form\" data-formid=\"669\" method=\"post\" enctype=\"multipart\/form-data\" action=\"\/index.php\/wp-json\/wp\/v2\/pages\/22\" data-token=\"81fedad0900ab95aa3c4d329a810fe73\" data-token-time=\"1777813595\"><noscript class=\"wpforms-error-noscript\">Bitte aktiviere JavaScript in deinem Browser, um dieses Formular fertigzustellen.<\/noscript><div id=\"wpforms-error-noscript\" style=\"display: none;\">Bitte aktiviere JavaScript in deinem Browser, um dieses Formular fertigzustellen.<\/div><div class=\"wpforms-field-container\">\t\t<div id=\"wpforms-669-field_1-container\"\n\t\t\tclass=\"wpforms-field wpforms-field-text\"\n\t\t\tdata-field-type=\"text\"\n\t\t\tdata-field-id=\"1\"\n\t\t\t>\n\t\t\t<label class=\"wpforms-field-label\" for=\"wpforms-669-field_1\" >DSGVO-Einverst\u00e4ndnis E-Mail-Adresse Name<\/label>\n\t\t\t<input type=\"text\" id=\"wpforms-669-field_1\" class=\"wpforms-field-medium\" name=\"wpforms[fields][1]\" >\n\t\t<\/div>\n\t\t<div id=\"wpforms-669-field_4-container\" class=\"wpforms-field wpforms-field-name\" data-field-id=\"4\"><fieldset><legend class=\"wpforms-field-label\">Name <span class=\"wpforms-required-label\" aria-hidden=\"true\">*<\/span><\/legend><div class=\"wpforms-field-row wpforms-field-medium\"><div class=\"wpforms-field-row-block wpforms-first wpforms-one-half\"><input type=\"text\" id=\"wpforms-669-field_4\" class=\"wpforms-field-name-first wpforms-field-required\" name=\"wpforms[fields][4][first]\" aria-errormessage=\"wpforms-669-field_4-error\" required><label for=\"wpforms-669-field_4\" class=\"wpforms-field-sublabel after\">Vorname<\/label><\/div><div class=\"wpforms-field-row-block wpforms-one-half\"><input type=\"text\" id=\"wpforms-669-field_4-last\" class=\"wpforms-field-name-last wpforms-field-required\" name=\"wpforms[fields][4][last]\" aria-errormessage=\"wpforms-669-field_4-last-error\" required><label for=\"wpforms-669-field_4-last\" class=\"wpforms-field-sublabel after\">Nachname<\/label><\/div><\/div><\/fieldset><\/div><div id=\"wpforms-669-field_5-container\" class=\"wpforms-field wpforms-field-email\" data-field-id=\"5\"><label class=\"wpforms-field-label\" for=\"wpforms-669-field_5\">E-Mail-Adresse <span class=\"wpforms-required-label\" aria-hidden=\"true\">*<\/span><\/label><input type=\"email\" id=\"wpforms-669-field_5\" class=\"wpforms-field-medium wpforms-field-required\" name=\"wpforms[fields][5]\" spellcheck=\"false\" aria-errormessage=\"wpforms-669-field_5-error\" required><\/div><div id=\"wpforms-669-field_6-container\" class=\"wpforms-field wpforms-field-text\" data-field-id=\"6\"><label class=\"wpforms-field-label\" for=\"wpforms-669-field_6\">Handy Nummer <span class=\"wpforms-required-label\" aria-hidden=\"true\">*<\/span><\/label><input type=\"text\" id=\"wpforms-669-field_6\" class=\"wpforms-field-medium wpforms-field-required\" name=\"wpforms[fields][6]\" aria-errormessage=\"wpforms-669-field_6-error\" required><\/div><div id=\"wpforms-669-field_14-container\" class=\"wpforms-field wpforms-field-text\" data-field-id=\"14\"><label class=\"wpforms-field-label\" for=\"wpforms-669-field_14\">Ihre Frage \/ Anregung <span class=\"wpforms-required-label\" aria-hidden=\"true\">*<\/span><\/label><input type=\"text\" id=\"wpforms-669-field_14\" class=\"wpforms-field-medium wpforms-field-required\" name=\"wpforms[fields][14]\" aria-errormessage=\"wpforms-669-field_14-error\" required><\/div><div id=\"wpforms-669-field_15-container\" class=\"wpforms-field wpforms-field-gdpr-checkbox\" data-field-id=\"15\"><label class=\"wpforms-field-label\">DSGVO-Einverst\u00e4ndnis <span class=\"wpforms-required-label\" aria-hidden=\"true\">*<\/span><\/label><ul id=\"wpforms-669-field_15\" class=\"wpforms-field-required\"><li class=\"choice-1\"><input type=\"checkbox\" id=\"wpforms-669-field_15_1\" name=\"wpforms[fields][15][]\" value=\"Ich willige ein, dass diese Website meine \u00fcbermittelten Informationen speichert, sodass meine Anfrage beantwortet werden kann.\" aria-errormessage=\"wpforms-669-field_15_1-error\" required ><label class=\"wpforms-field-label-inline\" for=\"wpforms-669-field_15_1\">Ich willige ein, dass diese Website meine \u00fcbermittelten Informationen speichert, sodass meine Anfrage beantwortet werden kann.<\/label><\/li><\/ul><\/div><script>\n\t\t\t\t( function() {\n\t\t\t\t\tconst style = document.createElement( 'style' );\n\t\t\t\t\tstyle.appendChild( document.createTextNode( '#wpforms-669-field_1-container { position: absolute !important; overflow: hidden !important; display: inline !important; height: 1px !important; width: 1px !important; z-index: -1000 !important; padding: 0 !important; } #wpforms-669-field_1-container input { visibility: hidden; } #wpforms-conversational-form-page #wpforms-669-field_1-container label { counter-increment: none; }' ) );\n\t\t\t\t\tdocument.head.appendChild( style );\n\t\t\t\t\tdocument.currentScript?.remove();\n\t\t\t\t} )();\n\t\t\t<\/script><\/div><!-- .wpforms-field-container --><div class=\"wpforms-submit-container\" ><input type=\"hidden\" name=\"wpforms[id]\" value=\"669\"><input type=\"hidden\" name=\"page_title\" value=\"\"><input type=\"hidden\" name=\"page_url\" value=\"https:\/\/jugend-handball-dortmund.de\/index.php\/wp-json\/wp\/v2\/pages\/22\"><input type=\"hidden\" name=\"url_referer\" value=\"\"><button type=\"submit\" name=\"wpforms[submit]\" id=\"wpforms-submit-669\" class=\"wpforms-submit\" data-alt-text=\"Wird gesendet\u00a0\u2026\" data-submit-text=\"Absenden\" aria-live=\"assertive\" value=\"wpforms-submit\">Absenden<\/button><img loading=\"lazy\" decoding=\"async\" src=\"https:\/\/jugend-handball-dortmund.de\/wp-content\/plugins\/wpforms-lite\/assets\/images\/submit-spin.svg\" class=\"wpforms-submit-spinner\" style=\"display: none;\" width=\"26\" height=\"26\" alt=\"Wird geladen\"><\/div><\/form><\/div>  <!-- .wpforms-container -->\n\n\n\n<p><\/p>\n","protected":false},"excerpt":{"rendered":"<p>Der F\u00f6rder- und Sportverein Jugend Handball Dortmund wurde 2025 gegr\u00fcndet. Der Vorstand vertritt den Verein in allen Fragen und freut sich auf Anregungen und Unterst\u00fctzung jeglicher Art. Kontakt zum Vorstand &#8230;<\/p>\n","protected":false},"author":2,"featured_media":1148,"parent":0,"menu_order":0,"comment_status":"closed","ping_status":"closed","template":"","meta":{"footnotes":""},"class_list":["post-22","page","type-page","status-publish","has-post-thumbnail","hentry"],"_links":{"self":[{"href":"https:\/\/jugend-handball-dortmund.de\/index.php\/wp-json\/wp\/v2\/pages\/22","targetHints":{"allow":["GET"]}}],"collection":[{"href":"https:\/\/jugend-handball-dortmund.de\/index.php\/wp-json\/wp\/v2\/pages"}],"about":[{"href":"https:\/\/jugend-handball-dortmund.de\/index.php\/wp-json\/wp\/v2\/types\/page"}],"author":[{"embeddable":true,"href":"https:\/\/jugend-handball-dortmund.de\/index.php\/wp-json\/wp\/v2\/users\/2"}],"replies":[{"embeddable":true,"href":"https:\/\/jugend-handball-dortmund.de\/index.php\/wp-json\/wp\/v2\/comments?post=22"}],"version-history":[{"count":101,"href":"https:\/\/jugend-handball-dortmund.de\/index.php\/wp-json\/wp\/v2\/pages\/22\/revisions"}],"predecessor-version":[{"id":2673,"href":"https:\/\/jugend-handball-dortmund.de\/index.php\/wp-json\/wp\/v2\/pages\/22\/revisions\/2673"}],"wp:featuredmedia":[{"embeddable":true,"href":"https:\/\/jugend-handball-dortmund.de\/index.php\/wp-json\/wp\/v2\/media\/1148"}],"wp:attachment":[{"href":"https:\/\/jugend-handball-dortmund.de\/index.php\/wp-json\/wp\/v2\/media?parent=22"}],"curies":[{"name":"wp","href":"https:\/\/api.w.org\/{rel}","templated":true}]}}