{"id":1761,"date":"2025-08-24T09:25:23","date_gmt":"2025-08-24T09:25:23","guid":{"rendered":"https:\/\/jugend-handball-dortmund.de\/?page_id=1761"},"modified":"2026-04-02T11:43:28","modified_gmt":"2026-04-02T11:43:28","slug":"das-trainerteam","status":"publish","type":"page","link":"https:\/\/jugend-handball-dortmund.de\/index.php\/das-trainerteam\/","title":{"rendered":"Das Trainerteam"},"content":{"rendered":"\n<p><\/p>\n\n\n\n<p class=\"has-black-color has-text-color has-link-color has-medium-font-size wp-elements-f6db6eaf43e1cc7ba7fe3003f1ec5bf8\"><strong>Tadeusz Jeziorski<\/strong><\/p>\n\n\n\n<p class=\"has-black-color has-text-color has-link-color wp-elements-a85601effa8825289989bc1bd9755415\"><strong>Tadeusz hat eine langj\u00e4hrige Handballerfahrung und gro\u00dfe Erfolge als Spieler der Nationalmannschaft A-Jugend von Polen. Er hat im Jugendbereich viele Mannschaften betreut und ist f\u00fcr die Strategie und die sportliche Entwicklung des Jugend Handballs Dortmund e. V. zust\u00e4ndig<\/strong>. <strong>Er hat gute Kontakte zur Sporthochschule K\u00f6ln<\/strong> <strong>und k\u00fcmmert sich auch um sportmedizinische Projekte des Jugend Handball Dortmund e. V.<\/strong><\/p>\n\n\n\n<p class=\"has-black-color has-text-color has-link-color has-medium-font-size wp-elements-5671ed00e17afa5fcee6a7d9ef8db8fc\"><strong>Anne und Max Pr\u00f6pper<\/strong><\/p>\n\n\n\n<p class=\"has-black-color has-text-color has-link-color has-small-font-size wp-elements-39915c5bce08c9a455ed847ec14000f6\"><strong>Beide mit gro\u00dfer Erfahrung als Trainer und Spieler werden sie das leistungsbezogene Sondertraining D-Jugend durchf\u00fchren.<\/strong><\/p>\n\n\n\n<p class=\"has-black-color has-text-color has-link-color has-small-font-size wp-elements-06a35f5ddc1cf7708077c2c77efab2ff\"><strong>Anne hat lange Jahre Handball Erfahrung als Bundesligaspielerin gesammelt.<\/strong><\/p>\n\n\n\n<p class=\"has-black-color has-text-color has-link-color has-medium-font-size wp-elements-31430802099167da7a6ea701276f31ef\"><strong>Svitlana Shykina<\/strong><\/p>\n\n\n\n<p class=\"has-black-color has-text-color has-link-color wp-elements-fd2986122cb92a8dc1b8fe26045380cf\"><strong>hat im Jahr 2003 mit der ukrainischen Mannschaft aus Cherson im EHF-Cup gegen die damalige Damenmannschaft des BVB gespielt. Sie lebt seit Dezember 2022 in Dortmund und bringt umfassende Erfahrung als Handballtrainerin sowie als Dozentin im Bereich Sportp\u00e4dagogik mit. Sie hat einen Masterabschluss als Sportlehrer, Fachrichtung P\u00e4dagogik und Methodik des Sportunterrichts und ein Diplom (Uni, UA) als Kinder Psychologin, Staatliche Universit\u00e4t von<\/strong><strong>\u00a0Cherson.<\/strong><\/p>\n\n\n\n<p class=\"has-black-color has-text-color has-link-color wp-elements-6b30888621d03b8f19ef756d6122df13\"><strong>Sie hat einen beruflichen Abschluss als Trainer im&nbsp;<\/strong><strong>Leistungssport \u2013 Handball und hat lange Zeit in der h\u00f6chsten Spielklasse der Ukraine in der Damen Handball Mannschaft von Cherson im Tor gespielt.<\/strong><\/p>\n\n\n\n<p class=\"has-black-color has-text-color has-link-color has-small-font-size wp-elements-a8329ef9e9fc0a5b251047e60fe9b021\"><strong>Sie wird das Trainerteam des Jugend Handball Dortmund e. V. als Torwarttrainerin unterst\u00fctzen.<\/strong><\/p>\n\n\n\n<p class=\"has-black-color has-text-color has-link-color has-small-font-size wp-elements-b3ac5d4ff502d56fcb0bb6f0225e3d1a\"><strong>Svitlana trifft beim BVB Champions League Spiel in Hamm alte Bekannte. Die Schiedsrichterinnen sind aus der Ukraine und sie kennen sich \u00fcber 20 Jahre.<\/strong><\/p>\n\n\n\n<p><\/p>\n\n\n\n<figure class=\"wp-block-image size-large\"><img loading=\"lazy\" decoding=\"async\" width=\"1024\" height=\"576\" src=\"https:\/\/jugend-handball-dortmund.de\/wp-content\/uploads\/2026\/03\/WhatsApp-Image-2026-03-22-at-17.29.00-2-1024x576.jpeg\" alt=\"\" class=\"wp-image-2569\" srcset=\"https:\/\/jugend-handball-dortmund.de\/wp-content\/uploads\/2026\/03\/WhatsApp-Image-2026-03-22-at-17.29.00-2-1024x576.jpeg 1024w, https:\/\/jugend-handball-dortmund.de\/wp-content\/uploads\/2026\/03\/WhatsApp-Image-2026-03-22-at-17.29.00-2-300x169.jpeg 300w, https:\/\/jugend-handball-dortmund.de\/wp-content\/uploads\/2026\/03\/WhatsApp-Image-2026-03-22-at-17.29.00-2-768x432.jpeg 768w, https:\/\/jugend-handball-dortmund.de\/wp-content\/uploads\/2026\/03\/WhatsApp-Image-2026-03-22-at-17.29.00-2-1536x864.jpeg 1536w, https:\/\/jugend-handball-dortmund.de\/wp-content\/uploads\/2026\/03\/WhatsApp-Image-2026-03-22-at-17.29.00-2.jpeg 1600w\" sizes=\"auto, (max-width: 1024px) 100vw, 1024px\" \/><\/figure>\n\n\n\n<p class=\"has-black-color has-text-color has-link-color has-medium-font-size wp-elements-b1d988e273e4781108e57a185149345a\"><strong>Christian Friem<\/strong><\/p>\n\n\n\n<p class=\"has-black-color has-text-color has-link-color has-small-font-size wp-elements-4767f70fe67e7286c0ce0cdf36c39fd0\"><strong>Als Spieler hat er viel Erfahrung sammeln k\u00f6nnen. Er ist Trainer der Herren Mann schaft vom TuS Do-Wellinghofen und trainiert die C-Jugend.<\/strong><\/p>\n\n\n\n<p class=\"has-black-color has-text-color has-link-color has-medium-font-size wp-elements-70f809adf382183235e718e93ae4f601\"><strong>Jeder Trainer ist herzlich eingeladen, die Trainings zu besuchen.<\/strong><\/p>\n\n\n\n<p class=\"has-black-color has-text-color has-link-color has-medium-font-size wp-elements-9ea9de3557edab6b4469dff93e6affdc\"><\/p>\n\n\n\n<p class=\"has-black-color has-text-color has-link-color wp-elements-9ac00cf961d1ea846fe5a532228b76c6\"><\/p>\n\n\n\n<p><\/p>\n","protected":false},"excerpt":{"rendered":"<p>Tadeusz Jeziorski Tadeusz hat eine langj\u00e4hrige Handballerfahrung und gro\u00dfe Erfolge als Spieler der Nationalmannschaft A-Jugend von Polen. Er hat im Jugendbereich viele Mannschaften betreut und ist f\u00fcr die Strategie und &#8230;<\/p>\n","protected":false},"author":2,"featured_media":0,"parent":0,"menu_order":0,"comment_status":"closed","ping_status":"closed","template":"","meta":{"footnotes":""},"class_list":["post-1761","page","type-page","status-publish","hentry"],"_links":{"self":[{"href":"https:\/\/jugend-handball-dortmund.de\/index.php\/wp-json\/wp\/v2\/pages\/1761","targetHints":{"allow":["GET"]}}],"collection":[{"href":"https:\/\/jugend-handball-dortmund.de\/index.php\/wp-json\/wp\/v2\/pages"}],"about":[{"href":"https:\/\/jugend-handball-dortmund.de\/index.php\/wp-json\/wp\/v2\/types\/page"}],"author":[{"embeddable":true,"href":"https:\/\/jugend-handball-dortmund.de\/index.php\/wp-json\/wp\/v2\/users\/2"}],"replies":[{"embeddable":true,"href":"https:\/\/jugend-handball-dortmund.de\/index.php\/wp-json\/wp\/v2\/comments?post=1761"}],"version-history":[{"count":10,"href":"https:\/\/jugend-handball-dortmund.de\/index.php\/wp-json\/wp\/v2\/pages\/1761\/revisions"}],"predecessor-version":[{"id":2675,"href":"https:\/\/jugend-handball-dortmund.de\/index.php\/wp-json\/wp\/v2\/pages\/1761\/revisions\/2675"}],"wp:attachment":[{"href":"https:\/\/jugend-handball-dortmund.de\/index.php\/wp-json\/wp\/v2\/media?parent=1761"}],"curies":[{"name":"wp","href":"https:\/\/api.w.org\/{rel}","templated":true}]}}