{"id":172,"date":"2025-02-02T08:34:57","date_gmt":"2025-02-02T08:34:57","guid":{"rendered":"https:\/\/jugend-handball-dortmund.de\/?page_id=172"},"modified":"2026-02-25T12:05:43","modified_gmt":"2026-02-25T12:05:43","slug":"impressum","status":"publish","type":"page","link":"https:\/\/jugend-handball-dortmund.de\/index.php\/impressum\/","title":{"rendered":"Impressum"},"content":{"rendered":"\n<p class=\"has-medium-font-size\"><strong>Impressum<\/strong><\/p>\n\n\n\n<p><strong>Adresse<\/strong><br>Jugend Handball Dortmund e. V.<br>Kronenstra\u00dfe 12<br>44139 Dortmund<\/p>\n\n\n\n<p class=\"has-pale-cyan-blue-color has-text-color has-link-color wp-elements-dba29f1df928f03226bab8f8cfca1e7d\"><strong>E-Mail: <a href=\"mailto:vorstand@jugend-handball-dortmund.de\">vorstand@jugend-handball-dortmund.de<\/a><\/strong><\/p>\n\n\n\n<figure class=\"wp-block-image size-large is-resized\"><img loading=\"lazy\" decoding=\"async\" width=\"1024\" height=\"717\" src=\"https:\/\/jugend-handball-dortmund.de\/wp-content\/uploads\/2025\/03\/Logo-1024x717.png\" alt=\"\" class=\"wp-image-1144\" style=\"width:243px;height:auto\" srcset=\"https:\/\/jugend-handball-dortmund.de\/wp-content\/uploads\/2025\/03\/Logo-1024x717.png 1024w, https:\/\/jugend-handball-dortmund.de\/wp-content\/uploads\/2025\/03\/Logo-300x210.png 300w, https:\/\/jugend-handball-dortmund.de\/wp-content\/uploads\/2025\/03\/Logo-768x538.png 768w, https:\/\/jugend-handball-dortmund.de\/wp-content\/uploads\/2025\/03\/Logo.png 1181w\" sizes=\"auto, (max-width: 1024px) 100vw, 1024px\" \/><\/figure>\n\n\n\n<p><strong>Vereinsregister<\/strong><br>Amtsgericht Dortmund<br>VR 8069<\/p>\n\n\n\n<p><strong>Gesch\u00e4ftsf\u00fchrender Vorstand nach \u00a726 BGB<\/strong><\/p>\n\n\n\n<p><\/p>\n\n\n\n<p>Vorsitzender: Hans Ernst Walter  <a href=\"mailto:info@jugend-handball-dortmund.de\">Kontakt<\/a><\/p>\n\n\n\n<p>Vorsitzender Stellvertreter: Dennis Willebrandt <a href=\"mailto:info@jugend-handball-dortmund.de\">Kontakt<\/a><\/p>\n\n\n\n<p>Vorsitzender Stellvertreter: Thomas Sch\u00e4fer <a href=\"mailto:info@jugend-handball-dortmund.de\">Kontakt<\/a><\/p>\n\n\n\n<p>Schatzmeisterin: Gabriele Overwaul <a href=\"mailto:info@jugend-handball-dortmund.de\">Kontakt<\/a><\/p>\n\n\n\n<p><strong>Verantwortlich f\u00fcr den Inhalt nach \u00a718 MStV<br><\/strong>(ehemals \u00a755 Abs. 2 RStV)<\/p>\n\n\n\n<p>Vorstand<br>Kronenstra\u00dfe 12<br>44139 Dortmund<\/p>\n\n\n\n<p><a href=\"mailto:he.walter@jugend-handball-dortmund.de\">Kontakt<\/a><\/p>\n\n\n\n<p><\/p>\n\n\n\n<p><strong>Haftungsbeschr\u00e4nkung<\/strong><br>Die Inhalte dieser Website werden mit gr\u00f6\u00dftm\u00f6glicher Sorgfalt erstellt. Der Anbieter \u00fcbernimmt jedoch keine Gew\u00e4hr f\u00fcr die Richtigkeit, Vollst\u00e4ndigkeit und Aktualit\u00e4t der bereitgestellten Inhalte. Die Nutzung der Inhalte der Website erfolgt auf eigene Gefahr des Nutzers.<\/p>\n\n\n\n<p>Namentlich gekennzeichnete Beitr\u00e4ge geben die Meinung des jeweiligen Autors und nicht immer die Meinung des Anbieters wieder. Mit der reinen Nutzung der Website des Anbieters kommt keinerlei Vertragsverh\u00e4ltnis zwischen dem Nutzer und dem Anbieter zustande.<\/p>\n\n\n\n<p><strong>Externe Links<\/strong><br>Diese Website enth\u00e4lt Verkn\u00fcpfungen zu Websites Dritter (&#8222;externe Links&#8220;). Diese Websites unterliegen der Haftung der jeweiligen Betreiber. Der Anbieter hat bei der erstmaligen Verkn\u00fcpfung der externen Links die fremden Inhalte daraufhin \u00fcberpr\u00fcft, ob etwaige Rechtsverst\u00f6\u00dfe bestehen. Zu dem Zeitpunkt waren keine Rechtsverst\u00f6\u00dfe ersichtlich. Der Anbieter hat keinerlei Einfluss auf die aktuelle und zuk\u00fcnftige Gestaltung und auf die Inhalte der verkn\u00fcpften Seiten. Das Setzen von externen Links bedeutet nicht, dass sich der Anbieter die hinter dem Verweis oder Link liegenden Inhalte zu Eigen macht. Eine st\u00e4ndige Kontrolle der externen Links ist f\u00fcr den Anbieter ohne konkrete Hinweise auf Rechtsverst\u00f6\u00dfe nicht zumutbar. Bei Kenntnis von Rechtsverst\u00f6\u00dfen werden jedoch derartige externe Links unverz\u00fcglich gel\u00f6scht.<\/p>\n\n\n\n<p><strong>Urheber- und Leistungsschutzrechte<\/strong><br>Die auf dieser Website ver\u00f6ffentlichten Inhalte unterliegen dem deutschen Urheber- und Leistungsschutzrecht. Jede vom deutschen Urheber- und Leistungsschutzrecht nicht zugelassene Verwertung bedarf der vorherigen schriftlichen Zustimmung des Anbieters oder jeweiligen Rechteinhabers. Dies gilt insbesondere f\u00fcr Vervielf\u00e4ltigung, Bearbeitung, \u00dcbersetzung, Einspeicherung, Verarbeitung bzw. Wiedergabe von Inhalten in Datenbanken oder anderen elektronischen Medien und Systemen. Inhalte und Rechte Dritter sind dabei als solche gekennzeichnet. Die unerlaubte Vervielf\u00e4ltigung oder Weitergabe einzelner Inhalte oder kompletter Seiten ist nicht gestattet und strafbar. Lediglich die Herstellung von Kopien und Downloads f\u00fcr den pers\u00f6nlichen, privaten und nicht kommerziellen Gebrauch ist erlaubt. Die Darstellung dieser Website in fremden Frames ist nur mit schriftlicher Erlaubnis zul\u00e4ssig.<\/p>\n\n\n\n<p class=\"has-black-color has-text-color has-link-color wp-elements-a8294524104ffe37b430d40c1ecb6ae2\"><strong>Kontakt zum Vorstand<\/strong><\/p>\n\n\n\n<style id=\"wpforms-css-vars-669\">\n\t\t\t\t#wpforms-669 {\n\t\t\t\t--wpforms-container-padding: 0px;\n--wpforms-container-border-width: 1px;\n--wpforms-container-border-radius: 3px;\n--wpforms-background-color: rgba(0, 0, 0, 0);\n--wpforms-field-size-input-height: 43px;\n--wpforms-field-size-input-spacing: 15px;\n--wpforms-field-size-font-size: 16px;\n--wpforms-field-size-line-height: 19px;\n--wpforms-field-size-padding-h: 14px;\n--wpforms-field-size-checkbox-size: 16px;\n--wpforms-field-size-sublabel-spacing: 5px;\n--wpforms-field-size-icon-size: 1;\n--wpforms-label-size-font-size: 16px;\n--wpforms-label-size-line-height: 19px;\n--wpforms-label-size-sublabel-font-size: 14px;\n--wpforms-label-size-sublabel-line-height: 17px;\n--wpforms-button-size-font-size: 17px;\n--wpforms-button-size-height: 41px;\n--wpforms-button-size-padding-h: 15px;\n--wpforms-button-size-margin-top: 10px;\n--wpforms-container-shadow-size-box-shadow: none;\n\t\t\t}\n\t\t\t<\/style><div class=\"wpforms-container wpforms-container-full wpforms-render-modern\" id=\"wpforms-669\"><form id=\"wpforms-form-669\" class=\"wpforms-validate wpforms-form wpforms-ajax-form\" data-formid=\"669\" method=\"post\" enctype=\"multipart\/form-data\" action=\"\/index.php\/wp-json\/wp\/v2\/pages\/172\" data-token=\"81fedad0900ab95aa3c4d329a810fe73\" data-token-time=\"1777814021\"><noscript class=\"wpforms-error-noscript\">Bitte aktiviere JavaScript in deinem Browser, um dieses Formular fertigzustellen.<\/noscript><div id=\"wpforms-error-noscript\" style=\"display: none;\">Bitte aktiviere JavaScript in deinem Browser, um dieses Formular fertigzustellen.<\/div><div class=\"wpforms-field-container\">\t\t<div id=\"wpforms-669-field_1-container\"\n\t\t\tclass=\"wpforms-field wpforms-field-text\"\n\t\t\tdata-field-type=\"text\"\n\t\t\tdata-field-id=\"1\"\n\t\t\t>\n\t\t\t<label class=\"wpforms-field-label\" for=\"wpforms-669-field_1\" >Name Nummer DSGVO-Einverst\u00e4ndnis<\/label>\n\t\t\t<input type=\"text\" id=\"wpforms-669-field_1\" class=\"wpforms-field-medium\" name=\"wpforms[fields][1]\" >\n\t\t<\/div>\n\t\t<div id=\"wpforms-669-field_4-container\" class=\"wpforms-field wpforms-field-name\" data-field-id=\"4\"><fieldset><legend class=\"wpforms-field-label\">Name <span class=\"wpforms-required-label\" aria-hidden=\"true\">*<\/span><\/legend><div class=\"wpforms-field-row wpforms-field-medium\"><div class=\"wpforms-field-row-block wpforms-first wpforms-one-half\"><input type=\"text\" id=\"wpforms-669-field_4\" class=\"wpforms-field-name-first wpforms-field-required\" name=\"wpforms[fields][4][first]\" aria-errormessage=\"wpforms-669-field_4-error\" required><label for=\"wpforms-669-field_4\" class=\"wpforms-field-sublabel after\">Vorname<\/label><\/div><div class=\"wpforms-field-row-block wpforms-one-half\"><input type=\"text\" id=\"wpforms-669-field_4-last\" class=\"wpforms-field-name-last wpforms-field-required\" name=\"wpforms[fields][4][last]\" aria-errormessage=\"wpforms-669-field_4-last-error\" required><label for=\"wpforms-669-field_4-last\" class=\"wpforms-field-sublabel after\">Nachname<\/label><\/div><\/div><\/fieldset><\/div><div id=\"wpforms-669-field_5-container\" class=\"wpforms-field wpforms-field-email\" data-field-id=\"5\"><label class=\"wpforms-field-label\" for=\"wpforms-669-field_5\">E-Mail-Adresse <span class=\"wpforms-required-label\" aria-hidden=\"true\">*<\/span><\/label><input type=\"email\" id=\"wpforms-669-field_5\" class=\"wpforms-field-medium wpforms-field-required\" name=\"wpforms[fields][5]\" spellcheck=\"false\" aria-errormessage=\"wpforms-669-field_5-error\" required><\/div><div id=\"wpforms-669-field_6-container\" class=\"wpforms-field wpforms-field-text\" data-field-id=\"6\"><label class=\"wpforms-field-label\" for=\"wpforms-669-field_6\">Handy Nummer <span class=\"wpforms-required-label\" aria-hidden=\"true\">*<\/span><\/label><input type=\"text\" id=\"wpforms-669-field_6\" class=\"wpforms-field-medium wpforms-field-required\" name=\"wpforms[fields][6]\" aria-errormessage=\"wpforms-669-field_6-error\" required><\/div><div id=\"wpforms-669-field_14-container\" class=\"wpforms-field wpforms-field-text\" data-field-id=\"14\"><label class=\"wpforms-field-label\" for=\"wpforms-669-field_14\">Ihre Frage \/ Anregung <span class=\"wpforms-required-label\" aria-hidden=\"true\">*<\/span><\/label><input type=\"text\" id=\"wpforms-669-field_14\" class=\"wpforms-field-medium wpforms-field-required\" name=\"wpforms[fields][14]\" aria-errormessage=\"wpforms-669-field_14-error\" required><\/div><div id=\"wpforms-669-field_15-container\" class=\"wpforms-field wpforms-field-gdpr-checkbox\" data-field-id=\"15\"><label class=\"wpforms-field-label\">DSGVO-Einverst\u00e4ndnis <span class=\"wpforms-required-label\" aria-hidden=\"true\">*<\/span><\/label><ul id=\"wpforms-669-field_15\" class=\"wpforms-field-required\"><li class=\"choice-1\"><input type=\"checkbox\" id=\"wpforms-669-field_15_1\" name=\"wpforms[fields][15][]\" value=\"Ich willige ein, dass diese Website meine \u00fcbermittelten Informationen speichert, sodass meine Anfrage beantwortet werden kann.\" aria-errormessage=\"wpforms-669-field_15_1-error\" required ><label class=\"wpforms-field-label-inline\" for=\"wpforms-669-field_15_1\">Ich willige ein, dass diese Website meine \u00fcbermittelten Informationen speichert, sodass meine Anfrage beantwortet werden kann.<\/label><\/li><\/ul><\/div><script>\n\t\t\t\t( function() {\n\t\t\t\t\tconst style = document.createElement( 'style' );\n\t\t\t\t\tstyle.appendChild( document.createTextNode( '#wpforms-669-field_1-container { position: absolute !important; overflow: hidden !important; display: inline !important; height: 1px !important; width: 1px !important; z-index: -1000 !important; padding: 0 !important; } #wpforms-669-field_1-container input { visibility: hidden; } #wpforms-conversational-form-page #wpforms-669-field_1-container label { counter-increment: none; }' ) );\n\t\t\t\t\tdocument.head.appendChild( style );\n\t\t\t\t\tdocument.currentScript?.remove();\n\t\t\t\t} )();\n\t\t\t<\/script><\/div><!-- .wpforms-field-container --><div class=\"wpforms-submit-container\" ><input type=\"hidden\" name=\"wpforms[id]\" value=\"669\"><input type=\"hidden\" name=\"page_title\" value=\"\"><input type=\"hidden\" name=\"page_url\" value=\"https:\/\/jugend-handball-dortmund.de\/index.php\/wp-json\/wp\/v2\/pages\/172\"><input type=\"hidden\" name=\"url_referer\" value=\"\"><button type=\"submit\" name=\"wpforms[submit]\" id=\"wpforms-submit-669\" class=\"wpforms-submit\" data-alt-text=\"Wird gesendet\u00a0\u2026\" data-submit-text=\"Absenden\" aria-live=\"assertive\" value=\"wpforms-submit\">Absenden<\/button><img loading=\"lazy\" decoding=\"async\" src=\"https:\/\/jugend-handball-dortmund.de\/wp-content\/plugins\/wpforms-lite\/assets\/images\/submit-spin.svg\" class=\"wpforms-submit-spinner\" style=\"display: none;\" width=\"26\" height=\"26\" alt=\"Wird geladen\"><\/div><\/form><\/div>  <!-- .wpforms-container -->\n\n\n\n<p><\/p>\n","protected":false},"excerpt":{"rendered":"<p>Impressum AdresseJugend Handball Dortmund e. V.Kronenstra\u00dfe 1244139 Dortmund E-Mail: vorstand@jugend-handball-dortmund.de VereinsregisterAmtsgericht DortmundVR 8069 Gesch\u00e4ftsf\u00fchrender Vorstand nach \u00a726 BGB Vorsitzender: Hans Ernst Walter Kontakt Vorsitzender Stellvertreter: Dennis Willebrandt Kontakt Vorsitzender Stellvertreter: &#8230;<\/p>\n","protected":false},"author":2,"featured_media":0,"parent":0,"menu_order":0,"comment_status":"closed","ping_status":"closed","template":"","meta":{"footnotes":""},"class_list":["post-172","page","type-page","status-publish","hentry"],"_links":{"self":[{"href":"https:\/\/jugend-handball-dortmund.de\/index.php\/wp-json\/wp\/v2\/pages\/172","targetHints":{"allow":["GET"]}}],"collection":[{"href":"https:\/\/jugend-handball-dortmund.de\/index.php\/wp-json\/wp\/v2\/pages"}],"about":[{"href":"https:\/\/jugend-handball-dortmund.de\/index.php\/wp-json\/wp\/v2\/types\/page"}],"author":[{"embeddable":true,"href":"https:\/\/jugend-handball-dortmund.de\/index.php\/wp-json\/wp\/v2\/users\/2"}],"replies":[{"embeddable":true,"href":"https:\/\/jugend-handball-dortmund.de\/index.php\/wp-json\/wp\/v2\/comments?post=172"}],"version-history":[{"count":25,"href":"https:\/\/jugend-handball-dortmund.de\/index.php\/wp-json\/wp\/v2\/pages\/172\/revisions"}],"predecessor-version":[{"id":2195,"href":"https:\/\/jugend-handball-dortmund.de\/index.php\/wp-json\/wp\/v2\/pages\/172\/revisions\/2195"}],"wp:attachment":[{"href":"https:\/\/jugend-handball-dortmund.de\/index.php\/wp-json\/wp\/v2\/media?parent=172"}],"curies":[{"name":"wp","href":"https:\/\/api.w.org\/{rel}","templated":true}]}}