{"id":15,"date":"2025-01-30T19:39:10","date_gmt":"2025-01-30T19:39:10","guid":{"rendered":"https:\/\/jugend-handball-dortmund.de\/?page_id=15"},"modified":"2026-03-22T17:28:52","modified_gmt":"2026-03-22T17:28:52","slug":"vereine","status":"publish","type":"page","link":"https:\/\/jugend-handball-dortmund.de\/index.php\/vereine\/","title":{"rendered":"Offene Trainings 2026"},"content":{"rendered":"\n<figure class=\"wp-block-image size-full is-resized\"><img loading=\"lazy\" decoding=\"async\" width=\"512\" height=\"512\" src=\"https:\/\/jugend-handball-dortmund.de\/wp-content\/uploads\/2025\/03\/cropped-Logo.png\" alt=\"\" class=\"wp-image-1148\" style=\"width:116px\" srcset=\"https:\/\/jugend-handball-dortmund.de\/wp-content\/uploads\/2025\/03\/cropped-Logo.png 512w, https:\/\/jugend-handball-dortmund.de\/wp-content\/uploads\/2025\/03\/cropped-Logo-300x300.png 300w, https:\/\/jugend-handball-dortmund.de\/wp-content\/uploads\/2025\/03\/cropped-Logo-150x150.png 150w, https:\/\/jugend-handball-dortmund.de\/wp-content\/uploads\/2025\/03\/cropped-Logo-270x270.png 270w, https:\/\/jugend-handball-dortmund.de\/wp-content\/uploads\/2025\/03\/cropped-Logo-192x192.png 192w, https:\/\/jugend-handball-dortmund.de\/wp-content\/uploads\/2025\/03\/cropped-Logo-180x180.png 180w, https:\/\/jugend-handball-dortmund.de\/wp-content\/uploads\/2025\/03\/cropped-Logo-32x32.png 32w\" sizes=\"auto, (max-width: 512px) 100vw, 512px\" \/><\/figure>\n\n\n\n<p class=\"has-black-color has-text-color has-link-color has-medium-font-size wp-elements-12bf61514c07f8aaef53256d85367f9c\"><strong>Offene Trainings<\/strong> <strong>wieder ab Januar-M\u00e4rz 2026<\/strong><\/p>\n\n\n\n<p><\/p>\n\n\n\n<p class=\"has-black-color has-text-color has-link-color wp-elements-1b1ab3d7017d6daaa2311e4063a6257d\">Unser Interesse liegt bei den Spieler\/innen und deren individuellen Weiterentwicklung. Wir veranstalten daf\u00fcr offene Trainings f\u00fcr alle Spieler\/innen. Diese offenen Trainings beinhalten keine Sichtungsma\u00dfnahmen, sondern zielen auf die Verbesserung der individuellen F\u00e4higkeiten der Spieler\/innen ab. Die Trainings werden zun\u00e4chst f\u00fcr die Altersklassen D- und C-Jugend stattfinden, da die Vereine die aktuell Kooperationspartner sind Spieler\/innen in dieser Altersklasse haben. Weiter sind es gerade diese Altersklassen in denen eine individuelle F\u00f6rderung, die auch hin zum Leistungssport f\u00fchren kann, beginnt. Wir m\u00f6chten bei diesen Trainings auch durch die Trainingsqualit\u00e4t f\u00fcr die Kooperation werben.<\/p>\n\n\n\n<p class=\"has-black-color has-text-color has-link-color wp-elements-32fad98ad9898307077c9fd4861c081e\">Jede\/r Spieler\/in, welche\/r Interesse an einem zus\u00e4tzlichen Training hat, ist herzlich eingeladen teilzunehmen. Dabei spielt es keine Rolle, ob eine Mitgliedschaft bei einem an der Kooperation teilnehmenden Verein besteht. Die Trainings werden von ein bis zwei Trainern durchgef\u00fchrt. Damit die individuelle Entwicklung gef\u00f6rdert werden kann, ist auch hier eine gewisse Anzahl an Kindern notwendig, wie aus dem Trainingsalltag bekannt. Wir werden versuchen, dieses Vorhaben bestm\u00f6glich zu bewerben. Je nach Resonanz werden wir dann die Trainings detaillierter planen und den Umfang bekannt geben.<\/p>\n\n\n\n<p class=\"has-black-color has-text-color has-link-color wp-elements-db80624e94335d8a98f22e5a9b581e05\">Uns ist durchaus bewusst, dass bei diesen Trainings der Leistungsstand der Kinder ein breites Spektrum aufweisen wird. Wir werden eine komplette Halle so nutzen, sodass wir leistungsgerechtes Training in einer Trainingseinheit anbieten k\u00f6nnen. F\u00fcr die Kinder und Jugendlichen bieten wir je nach Leistungsstand ein Technik Erwerbstraining oder die Optimierung bereits erworbener F\u00e4higkeiten bis hin zur Verwendung dieser in einer Kleingruppe an.<\/p>\n\n\n\n<p class=\"has-black-color has-text-color has-link-color wp-elements-e757a842da5c1b40baa7d9a4680f9f6a\">Geplant ist es, dass bei einer positiven Resonanz diese Trainings regelm\u00e4\u00dfig durchgef\u00fchrt werden. Genauso kann dieses Vorhaben auf h\u00f6here Altersklassen ausgeweitet werden, wenn entsprechendes Interesse der Vereine in Dortmund daran besteht.<\/p>\n\n\n\n<p class=\"has-black-color has-text-color has-link-color wp-elements-451fc17bb929d43769abb8eda0cdbd48\"><strong>Wir freuen uns auf jede\/n Spieler\/in und w\u00fcnsche allen viel Spa\u00df bei diesen Trainings. Ihr k\u00f6nnt euch hier f\u00fcr die jeweiligen Termine anmelden. F\u00fcr 2025 sind die offenen Trainings beendet. Es geht weiter im Januar 2026<\/strong><\/p>\n\n\n\n<p class=\"has-black-color has-text-color has-link-color has-medium-font-size wp-elements-f71aefa026545f6bdad7bcad4645031c\"><strong>C-Jugend und D-Jugend<\/strong><\/p>\n\n\n\n<p class=\"has-black-color has-text-color has-link-color has-small-font-size wp-elements-fda5219e57c5e39af04793b491c56396\"><\/p>\n\n\n\n<p class=\"has-black-color has-text-color has-link-color has-small-font-size wp-elements-d807262c080354d505f389afc6476a4a\">&nbsp;&nbsp;&nbsp;&nbsp;<\/p>\n\n\n\n<p class=\"has-black-color has-text-color has-link-color has-medium-font-size wp-elements-c564221550c2041032c4aa23ed8f8c1f\"><strong>D-Jugend:<\/strong><\/p>\n\n\n\n<p class=\"has-black-color has-text-color has-link-color has-small-font-size wp-elements-fda5219e57c5e39af04793b491c56396\"><\/p>\n\n\n\n<p class=\"has-black-color has-text-color has-link-color has-medium-font-size wp-elements-3ce23fca54ade10447b7f11702fa0f20\"><strong>Anmeldung f\u00fcr Einzelpersonen<\/strong><\/p>\n\n\n\n<style id=\"wpforms-css-vars-8\">\n\t\t\t\t#wpforms-8 {\n\t\t\t\t--wpforms-container-padding: 0px;\n--wpforms-container-border-width: 1px;\n--wpforms-container-border-radius: 3px;\n--wpforms-background-color: rgba(0, 0, 0, 0);\n--wpforms-field-size-input-height: 43px;\n--wpforms-field-size-input-spacing: 15px;\n--wpforms-field-size-font-size: 16px;\n--wpforms-field-size-line-height: 19px;\n--wpforms-field-size-padding-h: 14px;\n--wpforms-field-size-checkbox-size: 16px;\n--wpforms-field-size-sublabel-spacing: 5px;\n--wpforms-field-size-icon-size: 1;\n--wpforms-label-size-font-size: 16px;\n--wpforms-label-size-line-height: 19px;\n--wpforms-label-size-sublabel-font-size: 14px;\n--wpforms-label-size-sublabel-line-height: 17px;\n--wpforms-button-size-font-size: 17px;\n--wpforms-button-size-height: 41px;\n--wpforms-button-size-padding-h: 15px;\n--wpforms-button-size-margin-top: 10px;\n--wpforms-container-shadow-size-box-shadow: none;\n\t\t\t}\n\t\t\t<\/style><div class=\"wpforms-container wpforms-container-full wpforms-render-modern\" id=\"wpforms-8\"><form id=\"wpforms-form-8\" class=\"wpforms-validate wpforms-form wpforms-ajax-form\" data-formid=\"8\" method=\"post\" enctype=\"multipart\/form-data\" action=\"\/index.php\/wp-json\/wp\/v2\/pages\/15\" data-token=\"24d13f136bda7774e230fd2687584110\" data-token-time=\"1778434273\"><noscript class=\"wpforms-error-noscript\">Bitte aktiviere JavaScript in deinem Browser, um dieses Formular fertigzustellen.<\/noscript><div id=\"wpforms-error-noscript\" style=\"display: none;\">Bitte aktiviere JavaScript in deinem Browser, um dieses Formular fertigzustellen.<\/div><div class=\"wpforms-field-container\"><div id=\"wpforms-8-field_15-container\" class=\"wpforms-field wpforms-field-text\" data-field-id=\"15\"><label class=\"wpforms-field-label\" for=\"wpforms-8-field_15\">Datum <span class=\"wpforms-required-label\" aria-hidden=\"true\">*<\/span><\/label><input type=\"text\" id=\"wpforms-8-field_15\" class=\"wpforms-field-medium wpforms-field-required\" name=\"wpforms[fields][15]\" placeholder=\"Wann m\u00f6chtest du teilnehmen? \" aria-errormessage=\"wpforms-8-field_15-error\" aria-describedby=\"wpforms-8-field_15-description\" required><div id=\"wpforms-8-field_15-description\" class=\"wpforms-field-description\">Training immer dienstags 17:00 bis 18:30 Uhr Halle Nord III A Burgholzstra\u00dfe 151 \/ Ecke Eisenstra\u00dfe<\/div><\/div><div id=\"wpforms-8-field_1-container\" class=\"wpforms-field wpforms-field-name\" data-field-id=\"1\"><fieldset><legend class=\"wpforms-field-label\">Name <span class=\"wpforms-required-label\" aria-hidden=\"true\">*<\/span><\/legend><div class=\"wpforms-field-row wpforms-field-medium\"><div class=\"wpforms-field-row-block wpforms-first wpforms-one-half\"><input type=\"text\" id=\"wpforms-8-field_1\" class=\"wpforms-field-name-first wpforms-field-required\" name=\"wpforms[fields][1][first]\" aria-errormessage=\"wpforms-8-field_1-error\" required><label for=\"wpforms-8-field_1\" class=\"wpforms-field-sublabel after\">Vorname<\/label><\/div><div class=\"wpforms-field-row-block wpforms-one-half\"><input type=\"text\" id=\"wpforms-8-field_1-last\" class=\"wpforms-field-name-last wpforms-field-required\" name=\"wpforms[fields][1][last]\" aria-errormessage=\"wpforms-8-field_1-last-error\" required><label for=\"wpforms-8-field_1-last\" class=\"wpforms-field-sublabel after\">Nachname<\/label><\/div><\/div><\/fieldset><\/div>\t\t<div id=\"wpforms-8-field_2-container\"\n\t\t\tclass=\"wpforms-field wpforms-field-text\"\n\t\t\tdata-field-type=\"text\"\n\t\t\tdata-field-id=\"2\"\n\t\t\t>\n\t\t\t<label class=\"wpforms-field-label\" for=\"wpforms-8-field_2\" >Nummer Name Verein<\/label>\n\t\t\t<input type=\"text\" id=\"wpforms-8-field_2\" class=\"wpforms-field-medium\" name=\"wpforms[fields][2]\" >\n\t\t<\/div>\n\t\t<div id=\"wpforms-8-field_16-container\" class=\"wpforms-field wpforms-field-text\" data-field-id=\"16\"><label class=\"wpforms-field-label\" for=\"wpforms-8-field_16\">Handy Nummer <span class=\"wpforms-required-label\" aria-hidden=\"true\">*<\/span><\/label><input type=\"text\" id=\"wpforms-8-field_16\" class=\"wpforms-field-medium wpforms-field-required\" name=\"wpforms[fields][16]\" aria-errormessage=\"wpforms-8-field_16-error\" required><\/div><div id=\"wpforms-8-field_6-container\" class=\"wpforms-field wpforms-field-text\" data-field-id=\"6\"><label class=\"wpforms-field-label\" for=\"wpforms-8-field_6\">Verein <span class=\"wpforms-required-label\" aria-hidden=\"true\">*<\/span><\/label><input type=\"text\" id=\"wpforms-8-field_6\" class=\"wpforms-field-medium wpforms-field-required\" name=\"wpforms[fields][6]\" aria-errormessage=\"wpforms-8-field_6-error\" required><\/div><div id=\"wpforms-8-field_12-container\" class=\"wpforms-field wpforms-field-gdpr-checkbox\" data-field-id=\"12\"><label class=\"wpforms-field-label\">DSGVO-Einverst\u00e4ndnis <span class=\"wpforms-required-label\" aria-hidden=\"true\">*<\/span><\/label><ul id=\"wpforms-8-field_12\" class=\"wpforms-field-required\"><li class=\"choice-1\"><input type=\"checkbox\" id=\"wpforms-8-field_12_1\" name=\"wpforms[fields][12][]\" value=\"Ich willige ein, dass diese Website meine \u00fcbermittelten Informationen speichert, sodass meine Anfrage beantwortet werden kann. Ich willige in die Datenverarbeitung  und Informationspflichten nach \u00a7 13 und \u00a7 14 DSGVO ein. Die Informationen hierzu stehen auf der Webseite des JHD.\" aria-errormessage=\"wpforms-8-field_12_1-error\" required ><label class=\"wpforms-field-label-inline\" for=\"wpforms-8-field_12_1\">Ich willige ein, dass diese Website meine \u00fcbermittelten Informationen speichert, sodass meine Anfrage beantwortet werden kann. Ich willige in die Datenverarbeitung  und Informationspflichten nach \u00a7 13 und \u00a7 14 DSGVO ein. Die Informationen hierzu stehen auf der Webseite des JHD.<\/label><\/li><\/ul><\/div><script>\n\t\t\t\t( function() {\n\t\t\t\t\tconst style = document.createElement( 'style' );\n\t\t\t\t\tstyle.appendChild( document.createTextNode( '#wpforms-8-field_2-container { position: absolute !important; overflow: hidden !important; display: inline !important; height: 1px !important; width: 1px !important; z-index: -1000 !important; padding: 0 !important; } #wpforms-8-field_2-container input { visibility: hidden; } #wpforms-conversational-form-page #wpforms-8-field_2-container label { counter-increment: none; }' ) );\n\t\t\t\t\tdocument.head.appendChild( style );\n\t\t\t\t\tdocument.currentScript?.remove();\n\t\t\t\t} )();\n\t\t\t<\/script><\/div><!-- .wpforms-field-container --><div class=\"wpforms-submit-container\" ><input type=\"hidden\" name=\"wpforms[id]\" value=\"8\"><input type=\"hidden\" name=\"page_title\" value=\"\"><input type=\"hidden\" name=\"page_url\" value=\"https:\/\/jugend-handball-dortmund.de\/index.php\/wp-json\/wp\/v2\/pages\/15\"><input type=\"hidden\" name=\"url_referer\" value=\"\"><button type=\"submit\" name=\"wpforms[submit]\" id=\"wpforms-submit-8\" class=\"wpforms-submit\" data-alt-text=\"Wird gesendet\u00a0\u2026\" data-submit-text=\"Absenden\" aria-live=\"assertive\" value=\"wpforms-submit\">Absenden<\/button><img loading=\"lazy\" decoding=\"async\" src=\"https:\/\/jugend-handball-dortmund.de\/wp-content\/plugins\/wpforms-lite\/assets\/images\/submit-spin.svg\" class=\"wpforms-submit-spinner\" style=\"display: none;\" width=\"26\" height=\"26\" alt=\"Wird geladen\"><\/div><\/form><\/div>  <!-- .wpforms-container -->\n\n\n\n<p class=\"has-black-color has-text-color has-link-color has-medium-font-size wp-elements-6c698d84b27d7d11f0d58540fd5165ca\"><strong>Anmeldung f\u00fcr Gruppen<\/strong><\/p>\n\n\n\n<style id=\"wpforms-css-vars-965\">\n\t\t\t\t#wpforms-965 {\n\t\t\t\t--wpforms-container-padding: 0px;\n--wpforms-container-border-width: 1px;\n--wpforms-container-border-radius: 3px;\n--wpforms-background-color: rgba(0, 0, 0, 0);\n--wpforms-field-size-input-height: 43px;\n--wpforms-field-size-input-spacing: 15px;\n--wpforms-field-size-font-size: 16px;\n--wpforms-field-size-line-height: 19px;\n--wpforms-field-size-padding-h: 14px;\n--wpforms-field-size-checkbox-size: 16px;\n--wpforms-field-size-sublabel-spacing: 5px;\n--wpforms-field-size-icon-size: 1;\n--wpforms-label-size-font-size: 16px;\n--wpforms-label-size-line-height: 19px;\n--wpforms-label-size-sublabel-font-size: 14px;\n--wpforms-label-size-sublabel-line-height: 17px;\n--wpforms-button-size-font-size: 17px;\n--wpforms-button-size-height: 41px;\n--wpforms-button-size-padding-h: 15px;\n--wpforms-button-size-margin-top: 10px;\n--wpforms-container-shadow-size-box-shadow: none;\n\t\t\t}\n\t\t\t<\/style><div class=\"wpforms-container wpforms-container-full wpforms-render-modern\" id=\"wpforms-965\"><form id=\"wpforms-form-965\" class=\"wpforms-validate wpforms-form wpforms-ajax-form\" data-formid=\"965\" method=\"post\" enctype=\"multipart\/form-data\" action=\"\/index.php\/wp-json\/wp\/v2\/pages\/15\" data-token=\"5e93494e2de0ceb866a78c3bb07f5fa0\" data-token-time=\"1778434273\"><noscript class=\"wpforms-error-noscript\">Bitte aktiviere JavaScript in deinem Browser, um dieses Formular fertigzustellen.<\/noscript><div id=\"wpforms-error-noscript\" style=\"display: none;\">Bitte aktiviere JavaScript in deinem Browser, um dieses Formular fertigzustellen.<\/div><div class=\"wpforms-field-container\"><div id=\"wpforms-965-field_1-container\" class=\"wpforms-field wpforms-field-name\" data-field-id=\"1\"><fieldset><legend class=\"wpforms-field-label\">Name des Anmelders <span class=\"wpforms-required-label\" aria-hidden=\"true\">*<\/span><\/legend><div class=\"wpforms-field-row wpforms-field-medium\"><div class=\"wpforms-field-row-block wpforms-first wpforms-one-half\"><input type=\"text\" id=\"wpforms-965-field_1\" class=\"wpforms-field-name-first wpforms-field-required\" name=\"wpforms[fields][1][first]\" aria-errormessage=\"wpforms-965-field_1-error\" required><label for=\"wpforms-965-field_1\" class=\"wpforms-field-sublabel after\">Vorname<\/label><\/div><div class=\"wpforms-field-row-block wpforms-one-half\"><input type=\"text\" id=\"wpforms-965-field_1-last\" class=\"wpforms-field-name-last wpforms-field-required\" name=\"wpforms[fields][1][last]\" aria-errormessage=\"wpforms-965-field_1-last-error\" required><label for=\"wpforms-965-field_1-last\" class=\"wpforms-field-sublabel after\">Nachname<\/label><\/div><\/div><\/fieldset><\/div>\t\t<div id=\"wpforms-965-field_3-container\"\n\t\t\tclass=\"wpforms-field wpforms-field-text\"\n\t\t\tdata-field-type=\"text\"\n\t\t\tdata-field-id=\"3\"\n\t\t\t>\n\t\t\t<label class=\"wpforms-field-label\" for=\"wpforms-965-field_3\" >Anzahl Torwart...... Anmelders<\/label>\n\t\t\t<input type=\"text\" id=\"wpforms-965-field_3\" class=\"wpforms-field-medium\" name=\"wpforms[fields][3]\" >\n\t\t<\/div>\n\t\t<div id=\"wpforms-965-field_6-container\" class=\"wpforms-field wpforms-field-text\" data-field-id=\"6\"><label class=\"wpforms-field-label\" for=\"wpforms-965-field_6\">Verein <span class=\"wpforms-required-label\" aria-hidden=\"true\">*<\/span><\/label><input type=\"text\" id=\"wpforms-965-field_6\" class=\"wpforms-field-medium wpforms-field-required\" name=\"wpforms[fields][6]\" aria-errormessage=\"wpforms-965-field_6-error\" required><\/div><div id=\"wpforms-965-field_2-container\" class=\"wpforms-field wpforms-field-email\" data-field-id=\"2\"><label class=\"wpforms-field-label\" for=\"wpforms-965-field_2\">E-Mail-Adresse <span class=\"wpforms-required-label\" aria-hidden=\"true\">*<\/span><\/label><input type=\"email\" id=\"wpforms-965-field_2\" class=\"wpforms-field-medium wpforms-field-required\" name=\"wpforms[fields][2]\" spellcheck=\"false\" aria-errormessage=\"wpforms-965-field_2-error\" required><\/div><div id=\"wpforms-965-field_11-container\" class=\"wpforms-field wpforms-field-text\" data-field-id=\"11\"><label class=\"wpforms-field-label\" for=\"wpforms-965-field_11\">Handy-Nummer <span class=\"wpforms-required-label\" aria-hidden=\"true\">*<\/span><\/label><input type=\"text\" id=\"wpforms-965-field_11\" class=\"wpforms-field-medium wpforms-field-required\" name=\"wpforms[fields][11]\" aria-errormessage=\"wpforms-965-field_11-error\" required><\/div><div id=\"wpforms-965-field_5-container\" class=\"wpforms-field wpforms-field-text\" data-field-id=\"5\"><label class=\"wpforms-field-label\" for=\"wpforms-965-field_5\">Anzahl Kinder\/Jugendliche <span class=\"wpforms-required-label\" aria-hidden=\"true\">*<\/span><\/label><input type=\"text\" id=\"wpforms-965-field_5\" class=\"wpforms-field-small wpforms-field-required\" name=\"wpforms[fields][5]\" aria-errormessage=\"wpforms-965-field_5-error\" required><\/div><div id=\"wpforms-965-field_15-container\" class=\"wpforms-field wpforms-field-name\" data-field-id=\"15\"><label class=\"wpforms-field-label\" for=\"wpforms-965-field_15\">Jahrg\u00e4nge <span class=\"wpforms-required-label\" aria-hidden=\"true\">*<\/span><\/label><input type=\"text\" id=\"wpforms-965-field_15\" class=\"wpforms-field-large wpforms-field-required\" name=\"wpforms[fields][15]\" aria-errormessage=\"wpforms-965-field_15-error\" required><\/div><div id=\"wpforms-965-field_17-container\" class=\"wpforms-field wpforms-field-text\" data-field-id=\"17\"><label class=\"wpforms-field-label\" for=\"wpforms-965-field_17\">Positionen z.B links rechts Torwart......<\/label><input type=\"text\" id=\"wpforms-965-field_17\" class=\"wpforms-field-medium\" name=\"wpforms[fields][17]\" aria-errormessage=\"wpforms-965-field_17-error\" ><\/div><div id=\"wpforms-965-field_10-container\" class=\"wpforms-field wpforms-field-radio wpforms-list-inline\" data-field-id=\"10\"><fieldset><legend class=\"wpforms-field-label\">F\u00fcr die Sequenz 2 anmelden Termine: 14.04. \/ 21.04. und 28.04.2026  <span class=\"wpforms-required-label\" aria-hidden=\"true\">*<\/span><\/legend><ul id=\"wpforms-965-field_10\" class=\"wpforms-field-required wpforms-icon-choices wpforms-icon-choices-modern wpforms-icon-choices-medium\" style=\"--wpforms-icon-choices-color: #eb5200;\"><li class=\"choice-8 depth-1 wpforms-icon-choices-item\"><label class=\"wpforms-field-label-inline\" for=\"wpforms-965-field_10_8\">\n\t\t\t\t<span class=\"wpforms-icon-choices-icon\">\n\t\t\t\t\t<svg xmlns=\"http:\/\/www.w3.org\/2000\/svg\" width=\"60\" height=\"48\" viewBox=\"0 0 512 512\"><!--! Font Awesome Free 6.4.0 by @fontawesome - https:\/\/fontawesome.com License - https:\/\/fontawesome.com\/license\/free (Icons: CC BY 4.0, Fonts: SIL OFL 1.1, Code: MIT License) Copyright 2023 Fonticons, Inc. --><path d=\"M410.3 231l11.3-11.3-33.9-33.9-62.1-62.1L291.7 89.8l-11.3 11.3-22.6 22.6L58.6 322.9c-10.4 10.4-18 23.3-22.2 37.4L1 480.7c-2.5 8.4-.2 17.5 6.1 23.7s15.3 8.5 23.7 6.1l120.3-35.4c14.1-4.2 27-11.8 37.4-22.2L387.7 253.7 410.3 231zM160 399.4l-9.1 22.7c-4 3.1-8.5 5.4-13.3 6.9L59.4 452l23-78.1c1.4-4.9 3.8-9.4 6.9-13.3l22.7-9.1v32c0 8.8 7.2 16 16 16h32zM362.7 18.7L348.3 33.2 325.7 55.8 314.3 67.1l33.9 33.9 62.1 62.1 33.9 33.9 11.3-11.3 22.6-22.6 14.5-14.5c25-25 25-65.5 0-90.5L453.3 18.7c-25-25-65.5-25-90.5 0zm-47.4 168l-144 144c-6.2 6.2-16.4 6.2-22.6 0s-6.2-16.4 0-22.6l144-144c6.2-6.2 16.4-6.2 22.6 0s6.2 16.4 0 22.6z\"\/><\/svg>\n\t\t\t\t\t<span class=\"wpforms-icon-choices-icon-bg\"><\/span>\n\t\t\t\t<\/span>\n\t\t\t\t<input type=\"radio\" id=\"wpforms-965-field_10_8\" class=\"wpforms-screen-reader-element\" name=\"wpforms[fields][10]\" value=\"Sporthalle Nord III A Burgholzstr. 151\/Ecke Eisenstr.\" aria-errormessage=\"wpforms-965-field_10_8-error\" aria-describedby=\"wpforms-965-field_10-description\" required >\n\t\t\t\t<span class=\"wpforms-icon-choices-label\">Sporthalle Nord III A Burgholzstr. 151\/Ecke Eisenstr.<\/span>\n\t\t\t<\/label><\/li><\/ul><div id=\"wpforms-965-field_10-description\" class=\"wpforms-field-description\">Bitte immer nur einen Termin w\u00e4hlen. <\/div><\/fieldset><\/div><div id=\"wpforms-965-field_12-container\" class=\"wpforms-field wpforms-field-gdpr-checkbox\" data-field-id=\"12\"><label class=\"wpforms-field-label\">DSGVO-Einverst\u00e4ndnis <span class=\"wpforms-required-label\" aria-hidden=\"true\">*<\/span><\/label><ul id=\"wpforms-965-field_12\" class=\"wpforms-field-required\"><li class=\"choice-1\"><input type=\"checkbox\" id=\"wpforms-965-field_12_1\" name=\"wpforms[fields][12][]\" value=\"Ich willige ein, dass diese Website meine \u00fcbermittelten Informationen speichert, sodass meine Anfrage beantwortet werden kann. Ich willige in die Datenverarbeitung  und Informationspflichten nach \u00a7 13 und \u00a7 14 DSGVO ein. Die Informationen hierzu stehen auf der Webseite des JHD.\" aria-errormessage=\"wpforms-965-field_12_1-error\" required ><label class=\"wpforms-field-label-inline\" for=\"wpforms-965-field_12_1\">Ich willige ein, dass diese Website meine \u00fcbermittelten Informationen speichert, sodass meine Anfrage beantwortet werden kann. Ich willige in die Datenverarbeitung  und Informationspflichten nach \u00a7 13 und \u00a7 14 DSGVO ein. Die Informationen hierzu stehen auf der Webseite des JHD.<\/label><\/li><\/ul><\/div><script>\n\t\t\t\t( function() {\n\t\t\t\t\tconst style = document.createElement( 'style' );\n\t\t\t\t\tstyle.appendChild( document.createTextNode( '#wpforms-8-field_2-container,#wpforms-965-field_3-container { position: absolute !important; overflow: hidden !important; display: inline !important; height: 1px !important; width: 1px !important; z-index: -1000 !important; padding: 0 !important; } #wpforms-8-field_2-container,#wpforms-965-field_3-container input { visibility: hidden; } #wpforms-conversational-form-page #wpforms-8-field_2-container,#wpforms-965-field_3-container label { counter-increment: none; }' ) );\n\t\t\t\t\tdocument.head.appendChild( style );\n\t\t\t\t\tdocument.currentScript?.remove();\n\t\t\t\t} )();\n\t\t\t<\/script><\/div><!-- .wpforms-field-container --><div class=\"wpforms-submit-container\" ><input type=\"hidden\" name=\"wpforms[id]\" value=\"965\"><input type=\"hidden\" name=\"page_title\" value=\"\"><input type=\"hidden\" name=\"page_url\" value=\"https:\/\/jugend-handball-dortmund.de\/index.php\/wp-json\/wp\/v2\/pages\/15\"><input type=\"hidden\" name=\"url_referer\" value=\"\"><button type=\"submit\" name=\"wpforms[submit]\" id=\"wpforms-submit-965\" class=\"wpforms-submit\" data-alt-text=\"Wird gesendet\u00a0\u2026\" data-submit-text=\"Absenden\" aria-live=\"assertive\" value=\"wpforms-submit\">Absenden<\/button><img loading=\"lazy\" decoding=\"async\" src=\"https:\/\/jugend-handball-dortmund.de\/wp-content\/plugins\/wpforms-lite\/assets\/images\/submit-spin.svg\" class=\"wpforms-submit-spinner\" style=\"display: none;\" width=\"26\" height=\"26\" alt=\"Wird geladen\"><\/div><\/form><\/div>  <!-- .wpforms-container -->\n","protected":false},"excerpt":{"rendered":"<p>Offene Trainings wieder ab Januar-M\u00e4rz 2026 Unser Interesse liegt bei den Spieler\/innen und deren individuellen Weiterentwicklung. Wir veranstalten daf\u00fcr offene Trainings f\u00fcr alle Spieler\/innen. Diese offenen Trainings beinhalten keine Sichtungsma\u00dfnahmen, &#8230;<\/p>\n","protected":false},"author":2,"featured_media":0,"parent":0,"menu_order":0,"comment_status":"closed","ping_status":"closed","template":"","meta":{"footnotes":""},"class_list":["post-15","page","type-page","status-publish","hentry"],"_links":{"self":[{"href":"https:\/\/jugend-handball-dortmund.de\/index.php\/wp-json\/wp\/v2\/pages\/15","targetHints":{"allow":["GET"]}}],"collection":[{"href":"https:\/\/jugend-handball-dortmund.de\/index.php\/wp-json\/wp\/v2\/pages"}],"about":[{"href":"https:\/\/jugend-handball-dortmund.de\/index.php\/wp-json\/wp\/v2\/types\/page"}],"author":[{"embeddable":true,"href":"https:\/\/jugend-handball-dortmund.de\/index.php\/wp-json\/wp\/v2\/users\/2"}],"replies":[{"embeddable":true,"href":"https:\/\/jugend-handball-dortmund.de\/index.php\/wp-json\/wp\/v2\/comments?post=15"}],"version-history":[{"count":51,"href":"https:\/\/jugend-handball-dortmund.de\/index.php\/wp-json\/wp\/v2\/pages\/15\/revisions"}],"predecessor-version":[{"id":2477,"href":"https:\/\/jugend-handball-dortmund.de\/index.php\/wp-json\/wp\/v2\/pages\/15\/revisions\/2477"}],"wp:attachment":[{"href":"https:\/\/jugend-handball-dortmund.de\/index.php\/wp-json\/wp\/v2\/media?parent=15"}],"curies":[{"name":"wp","href":"https:\/\/api.w.org\/{rel}","templated":true}]}}