{"id":140,"date":"2025-02-01T23:25:00","date_gmt":"2025-02-01T23:25:00","guid":{"rendered":"https:\/\/jugend-handball-dortmund.de\/?page_id=140"},"modified":"2026-04-03T11:39:16","modified_gmt":"2026-04-03T11:39:16","slug":"mitgliedschaft-im-foerderverein","status":"publish","type":"page","link":"https:\/\/jugend-handball-dortmund.de\/index.php\/mitgliedschaft-im-foerderverein\/","title":{"rendered":"Mitglied werden"},"content":{"rendered":"\n<p class=\"has-black-color has-text-color has-link-color has-medium-font-size wp-elements-251c15cd97b40e872cbd960fa3a8bae1\"><strong>Mitgliedschaft<\/strong><\/p>\n\n\n\n<figure class=\"wp-block-image size-full is-resized\"><img loading=\"lazy\" decoding=\"async\" width=\"512\" height=\"512\" src=\"https:\/\/jugend-handball-dortmund.de\/wp-content\/uploads\/2025\/03\/cropped-Logo.png\" alt=\"\" class=\"wp-image-1148\" style=\"width:158px\" srcset=\"https:\/\/jugend-handball-dortmund.de\/wp-content\/uploads\/2025\/03\/cropped-Logo.png 512w, https:\/\/jugend-handball-dortmund.de\/wp-content\/uploads\/2025\/03\/cropped-Logo-300x300.png 300w, https:\/\/jugend-handball-dortmund.de\/wp-content\/uploads\/2025\/03\/cropped-Logo-150x150.png 150w, https:\/\/jugend-handball-dortmund.de\/wp-content\/uploads\/2025\/03\/cropped-Logo-270x270.png 270w, https:\/\/jugend-handball-dortmund.de\/wp-content\/uploads\/2025\/03\/cropped-Logo-192x192.png 192w, https:\/\/jugend-handball-dortmund.de\/wp-content\/uploads\/2025\/03\/cropped-Logo-180x180.png 180w, https:\/\/jugend-handball-dortmund.de\/wp-content\/uploads\/2025\/03\/cropped-Logo-32x32.png 32w\" sizes=\"auto, (max-width: 512px) 100vw, 512px\" \/><\/figure>\n\n\n\n<p class=\"has-black-color has-text-color has-link-color wp-elements-a5d1961aeaa8858c6665d525d4fe9f00\"><strong>Alle nat\u00fcrlichen und  juristische Personen k\u00f6nnen Mitglieder im Jugend Handball Dortmund e. V.  werden.<\/strong><\/p>\n\n\n\n<p class=\"has-black-color has-text-color has-link-color has-small-font-size wp-elements-34d29eab1aef78f54608de59cd07c0e5\"><strong>Die Mitgliedsbeitr\u00e4ge, F\u00f6rdermittel und Sponsorengelder werden f\u00fcr die Handball Jugend in Dortmund entsprechend der Ziele des Handball Jugend Dortmund e.  V. eingesetzt.<\/strong><\/p>\n\n\n\n<p class=\"has-black-color has-text-color has-link-color has-medium-font-size wp-elements-6a0a6cbc73b1e69a059ef6f330777889\"><strong>J\u00e4hrlicher Mitgliedsbeitrag<\/strong><\/p>\n\n\n\n<p class=\"has-black-color has-text-color has-link-color has-medium-font-size wp-elements-42fd2b8fa11ca91b5d19914e0e35f850\"><strong>20,00 EUR Sch\u00fcler, Auszubildende, Studenten, Schwerbehinderte, Rentner<\/strong><\/p>\n\n\n\n<p class=\"has-black-color has-text-color has-link-color has-medium-font-size wp-elements-a95088a74b47a9a4f87c3061e617a14e\"><strong>20,00 EUR  \u00dcbungsleiter vom JHD e. V<\/strong>. <\/p>\n\n\n\n<p class=\"has-black-color has-text-color has-link-color has-medium-font-size wp-elements-5040cb5e94686b9849af10dba45ef634\"><strong>60,00 EUR<\/strong> <strong>Erwachsene Personen<\/strong><\/p>\n\n\n\n<p class=\"has-black-color has-text-color has-link-color has-medium-font-size wp-elements-3a6b2cff27474d2075ff257de98f0015\"><strong>120,00 EUR Mitgliedschaft Firmen<\/strong><\/p>\n\n\n\n<p class=\"has-black-color has-text-color has-link-color has-medium-font-size wp-elements-01158534def563164481d024601ffecb\"><strong>250,00 EUR<\/strong> <strong>Mitgliedschaft Vereine\/<\/strong><strong>Kooperationspartner<\/strong><\/p>\n\n\n\n<p><\/p>\n\n\n\n<p class=\"has-black-color has-text-color has-link-color has-small-font-size wp-elements-97c0094d44663124c25aedf6afef0016\"><strong>Der Verein ist eingetragen beim Amtsgericht Dortmund unter der Vereinsregister Nr. VR 8069<\/strong><\/p>\n\n\n\n<p class=\"has-black-color has-text-color has-link-color has-small-font-size wp-elements-7106463f8c5e7b551ea8894549a4cf4d\"><strong>Beitragseinzug mit Sepa Mandat im Januar f\u00fcr ein Jahr im voraus oder f\u00fcr neue Mitglieder nach Eintritt in den F\u00f6rderverein Jugend Handball Dortmund e. V. f\u00fcr das laufende Jahr<\/strong><\/p>\n\n\n\n<p class=\"has-black-color has-text-color has-link-color has-small-font-size wp-elements-094103c8420502f52571635397c8023e\"><strong>Mandatsreferenz wird mit der Abbuchung  \u00fcbermittelt.<\/strong> <strong>Gl\u00e4ubiger-Identifikation: DE95 ZZZ 0000 2798 552<\/strong><\/p>\n\n\n\n<p class=\"has-black-color has-text-color has-link-color has-small-font-size wp-elements-d98abd1862765d2fc26102daebb03031\"><strong>Der Jahresf\u00f6rderbeitrag ist in der H\u00f6he unabh\u00e4ngig vom Beitrittsmonat<\/strong><\/p>\n\n\n\n<p class=\"has-black-color has-text-color has-link-color has-small-font-size wp-elements-83a229f2c4da669b57845e56356ab82e\"><strong>K\u00fcndigung der Mitgliedschaft bis 30.11. des Jahres zum Jahresende m\u00f6glich.<\/strong><\/p>\n\n\n\n<p class=\"has-black-color has-text-color has-link-color has-medium-font-size wp-elements-446ac0cce199958ff6c41e91fc894d27\"><strong>Hier k\u00f6nnen sie Mitglied vom Jugend Handball Dortmund e. V<\/strong>. <strong>werden<\/strong>.<\/p>\n\n\n\n<style id=\"wpforms-css-vars-151\">\n\t\t\t\t#wpforms-151 {\n\t\t\t\t--wpforms-container-padding: 0px;\n--wpforms-container-border-width: 1px;\n--wpforms-container-border-radius: 3px;\n--wpforms-background-color: rgba(0, 0, 0, 0);\n--wpforms-field-size-input-height: 43px;\n--wpforms-field-size-input-spacing: 15px;\n--wpforms-field-size-font-size: 16px;\n--wpforms-field-size-line-height: 19px;\n--wpforms-field-size-padding-h: 14px;\n--wpforms-field-size-checkbox-size: 16px;\n--wpforms-field-size-sublabel-spacing: 5px;\n--wpforms-field-size-icon-size: 1;\n--wpforms-label-size-font-size: 16px;\n--wpforms-label-size-line-height: 19px;\n--wpforms-label-size-sublabel-font-size: 14px;\n--wpforms-label-size-sublabel-line-height: 17px;\n--wpforms-button-size-font-size: 17px;\n--wpforms-button-size-height: 41px;\n--wpforms-button-size-padding-h: 15px;\n--wpforms-button-size-margin-top: 10px;\n--wpforms-container-shadow-size-box-shadow: none;\n\t\t\t}\n\t\t\t<\/style><div class=\"wpforms-container wpforms-container-full wpforms-render-modern\" id=\"wpforms-151\"><form id=\"wpforms-form-151\" class=\"wpforms-validate wpforms-form wpforms-ajax-form\" data-formid=\"151\" method=\"post\" enctype=\"multipart\/form-data\" action=\"\/index.php\/wp-json\/wp\/v2\/pages\/140\" data-token=\"714b60a70a021c6ca9cc6b733a8d676e\" data-token-time=\"1777813601\"><noscript class=\"wpforms-error-noscript\">Bitte aktiviere JavaScript in deinem Browser, um dieses Formular fertigzustellen.<\/noscript><div id=\"wpforms-error-noscript\" style=\"display: none;\">Bitte aktiviere JavaScript in deinem Browser, um dieses Formular fertigzustellen.<\/div><div class=\"wpforms-field-container\"><div id=\"wpforms-151-field_1-container\" class=\"wpforms-field wpforms-field-name\" data-field-id=\"1\"><fieldset><legend class=\"wpforms-field-label\">Name <span class=\"wpforms-required-label\" aria-hidden=\"true\">*<\/span><\/legend><div class=\"wpforms-field-row wpforms-field-medium\"><div class=\"wpforms-field-row-block wpforms-first wpforms-one-half\"><input type=\"text\" id=\"wpforms-151-field_1\" class=\"wpforms-field-name-first wpforms-field-required\" name=\"wpforms[fields][1][first]\" aria-errormessage=\"wpforms-151-field_1-error\" required><label for=\"wpforms-151-field_1\" class=\"wpforms-field-sublabel after\">Vorname<\/label><\/div><div class=\"wpforms-field-row-block wpforms-one-half\"><input type=\"text\" id=\"wpforms-151-field_1-last\" class=\"wpforms-field-name-last wpforms-field-required\" name=\"wpforms[fields][1][last]\" aria-errormessage=\"wpforms-151-field_1-last-error\" required><label for=\"wpforms-151-field_1-last\" class=\"wpforms-field-sublabel after\">Nachname<\/label><\/div><\/div><\/fieldset><\/div><div id=\"wpforms-151-field_18-container\" class=\"wpforms-field wpforms-field-text\" data-field-id=\"18\"><label class=\"wpforms-field-label\" for=\"wpforms-151-field_18\">Vereinsname oder Fimenname<\/label><input type=\"text\" id=\"wpforms-151-field_18\" class=\"wpforms-field-medium\" name=\"wpforms[fields][18]\" placeholder=\"nur ausf\u00fcllen wenn ein Verein oder eine Firma Mitglied werden m\u00f6chten\" aria-errormessage=\"wpforms-151-field_18-error\" ><\/div><div id=\"wpforms-151-field_5-container\" class=\"wpforms-field wpforms-field-text\" data-field-id=\"5\"><label class=\"wpforms-field-label\" for=\"wpforms-151-field_5\">Stra\u00dfe und Hausnummer <span class=\"wpforms-required-label\" aria-hidden=\"true\">*<\/span><\/label><input type=\"text\" id=\"wpforms-151-field_5\" class=\"wpforms-field-large wpforms-field-required\" name=\"wpforms[fields][5]\" placeholder=\"    Stra\u00dfe                                   Hausnummer\" aria-errormessage=\"wpforms-151-field_5-error\" required><\/div><div id=\"wpforms-151-field_36-container\" class=\"wpforms-field wpforms-field-text\" data-field-id=\"36\"><label class=\"wpforms-field-label\" for=\"wpforms-151-field_36\">PLZ und Stadt <span class=\"wpforms-required-label\" aria-hidden=\"true\">*<\/span><\/label><input type=\"text\" id=\"wpforms-151-field_36\" class=\"wpforms-field-medium wpforms-field-required\" name=\"wpforms[fields][36]\" placeholder=\"Postleitzahl                            Stadt\" aria-errormessage=\"wpforms-151-field_36-error\" required><\/div><div id=\"wpforms-151-field_8-container\" class=\"wpforms-field wpforms-field-text\" data-field-id=\"8\"><label class=\"wpforms-field-label\" for=\"wpforms-151-field_8\">Geburtsdatum <span class=\"wpforms-required-label\" aria-hidden=\"true\">*<\/span><\/label><input type=\"text\" id=\"wpforms-151-field_8\" class=\"wpforms-field-small wpforms-field-required\" name=\"wpforms[fields][8]\" placeholder=\"TT.MM.JJJJ\" aria-errormessage=\"wpforms-151-field_8-error\" required><\/div><div id=\"wpforms-151-field_42-container\" class=\"wpforms-field wpforms-field-radio\" data-field-id=\"42\"><fieldset><legend class=\"wpforms-field-label\">Geschlecht <span class=\"wpforms-required-label\" aria-hidden=\"true\">*<\/span><\/legend><ul id=\"wpforms-151-field_42\" class=\"wpforms-field-required\"><li class=\"choice-1 depth-1\"><input type=\"radio\" id=\"wpforms-151-field_42_1\" name=\"wpforms[fields][42]\" value=\"m\u00e4nnlich\" aria-errormessage=\"wpforms-151-field_42_1-error\" required ><label class=\"wpforms-field-label-inline\" for=\"wpforms-151-field_42_1\">m\u00e4nnlich<\/label><\/li><li class=\"choice-2 depth-1\"><input type=\"radio\" id=\"wpforms-151-field_42_2\" name=\"wpforms[fields][42]\" value=\"weiblich\" aria-errormessage=\"wpforms-151-field_42_2-error\" required ><label class=\"wpforms-field-label-inline\" for=\"wpforms-151-field_42_2\">weiblich<\/label><\/li><li class=\"choice-3 depth-1\"><input type=\"radio\" id=\"wpforms-151-field_42_3\" name=\"wpforms[fields][42]\" value=\"keine Angabe. Mitglied wird ein Verein oder eine Firma\" aria-errormessage=\"wpforms-151-field_42_3-error\" required ><label class=\"wpforms-field-label-inline\" for=\"wpforms-151-field_42_3\">keine Angabe. Mitglied wird ein Verein oder eine Firma<\/label><\/li><\/ul><\/fieldset><\/div><div id=\"wpforms-151-field_7-container\" class=\"wpforms-field wpforms-field-text\" data-field-id=\"7\"><label class=\"wpforms-field-label\" for=\"wpforms-151-field_7\">Handy-Nummer <span class=\"wpforms-required-label\" aria-hidden=\"true\">*<\/span><\/label><input type=\"text\" id=\"wpforms-151-field_7\" class=\"wpforms-field-small wpforms-field-required\" name=\"wpforms[fields][7]\" aria-errormessage=\"wpforms-151-field_7-error\" required><\/div><div id=\"wpforms-151-field_2-container\" class=\"wpforms-field wpforms-field-email\" data-field-id=\"2\"><label class=\"wpforms-field-label\" for=\"wpforms-151-field_2\">E-Mail-Adresse <span class=\"wpforms-required-label\" aria-hidden=\"true\">*<\/span><\/label><input type=\"email\" id=\"wpforms-151-field_2\" class=\"wpforms-field-small wpforms-field-required\" name=\"wpforms[fields][2]\" spellcheck=\"false\" aria-errormessage=\"wpforms-151-field_2-error\" required><\/div>\t\t<div id=\"wpforms-151-field_3-container\"\n\t\t\tclass=\"wpforms-field wpforms-field-text\"\n\t\t\tdata-field-type=\"text\"\n\t\t\tdata-field-id=\"3\"\n\t\t\t>\n\t\t\t<label class=\"wpforms-field-label\" for=\"wpforms-151-field_3\" >zus\u00e4tzlich IBAN DSGVO-Einverst\u00e4ndnis<\/label>\n\t\t\t<input type=\"text\" id=\"wpforms-151-field_3\" class=\"wpforms-field-medium\" name=\"wpforms[fields][3]\" >\n\t\t<\/div>\n\t\t<div id=\"wpforms-151-field_13-container\" class=\"wpforms-field wpforms-field-radio\" data-field-id=\"13\"><fieldset><legend class=\"wpforms-field-label\">Zahlung per Lastschrift <span class=\"wpforms-required-label\" aria-hidden=\"true\">*<\/span><\/legend><ul id=\"wpforms-151-field_13\" class=\"wpforms-field-required\"><li class=\"choice-2 depth-1\"><input type=\"radio\" id=\"wpforms-151-field_13_2\" name=\"wpforms[fields][13]\" value=\"Ich erlaube dem Jugend Handball Dortmund e. V. wiederkehrende Zahlungen, wie den Jahresmitgliedsbeitrag, aber auch Spenden per SEPA-Lastschrift von meinem Konto nach den gesetzlichen Vorgaben einzuziehen. Diese Erm\u00e4chtigung kann jederzeit widerrufen werden.\" aria-errormessage=\"wpforms-151-field_13_2-error\" required ><label class=\"wpforms-field-label-inline\" for=\"wpforms-151-field_13_2\">Ich erlaube dem Jugend Handball Dortmund e. V. wiederkehrende Zahlungen, wie den Jahresmitgliedsbeitrag, aber auch Spenden per SEPA-Lastschrift von meinem Konto nach den gesetzlichen Vorgaben einzuziehen. Diese Erm\u00e4chtigung kann jederzeit widerrufen werden.<\/label><\/li><\/ul><\/fieldset><\/div><div id=\"wpforms-151-field_35-container\" class=\"wpforms-field wpforms-field-text\" data-field-id=\"35\"><label class=\"wpforms-field-label\" for=\"wpforms-151-field_35\">Kontoinhaber <span class=\"wpforms-required-label\" aria-hidden=\"true\">*<\/span><\/label><input type=\"text\" id=\"wpforms-151-field_35\" class=\"wpforms-field-medium wpforms-field-required\" name=\"wpforms[fields][35]\" aria-errormessage=\"wpforms-151-field_35-error\" required><\/div><div id=\"wpforms-151-field_34-container\" class=\"wpforms-field wpforms-field-text\" data-field-id=\"34\"><label class=\"wpforms-field-label\" for=\"wpforms-151-field_34\">IBAN <span class=\"wpforms-required-label\" aria-hidden=\"true\">*<\/span><\/label><input type=\"text\" id=\"wpforms-151-field_34\" class=\"wpforms-field-medium wpforms-field-required\" name=\"wpforms[fields][34]\" aria-errormessage=\"wpforms-151-field_34-error\" aria-describedby=\"wpforms-151-field_34-description\" required><div id=\"wpforms-151-field_34-description\" class=\"wpforms-field-description\"> DExx  xxxx xxxx xxxx xxxx xx<\/div><\/div><div id=\"wpforms-151-field_39-container\" class=\"wpforms-field wpforms-field-radio\" data-field-id=\"39\"><fieldset><legend class=\"wpforms-field-label\">Jahresbeitrag <span class=\"wpforms-required-label\" aria-hidden=\"true\">*<\/span><\/legend><ul id=\"wpforms-151-field_39\" class=\"wpforms-field-required\"><li class=\"choice-1 depth-1\"><input type=\"radio\" id=\"wpforms-151-field_39_1\" name=\"wpforms[fields][39]\" value=\"\u20ac 20 Sch\u00fcler, Auszubildende, Studenten, Schwerbehinderte, Rentner\" aria-errormessage=\"wpforms-151-field_39_1-error\" required ><label class=\"wpforms-field-label-inline\" for=\"wpforms-151-field_39_1\">\u20ac 20 Sch\u00fcler, Auszubildende, Studenten, Schwerbehinderte, Rentner<\/label><\/li><li class=\"choice-4 depth-1\"><input type=\"radio\" id=\"wpforms-151-field_39_4\" name=\"wpforms[fields][39]\" value=\"\u20ac 20 \u00dcbungsleiter vom JHD e. V.\" aria-errormessage=\"wpforms-151-field_39_4-error\" required ><label class=\"wpforms-field-label-inline\" for=\"wpforms-151-field_39_4\">\u20ac 20 \u00dcbungsleiter vom JHD e. V.<\/label><\/li><li class=\"choice-2 depth-1\"><input type=\"radio\" id=\"wpforms-151-field_39_2\" name=\"wpforms[fields][39]\" value=\"\u20ac 60 Erwachsene\" aria-errormessage=\"wpforms-151-field_39_2-error\" required ><label class=\"wpforms-field-label-inline\" for=\"wpforms-151-field_39_2\">\u20ac 60 Erwachsene<\/label><\/li><li class=\"choice-5 depth-1\"><input type=\"radio\" id=\"wpforms-151-field_39_5\" name=\"wpforms[fields][39]\" value=\"\u20ac 120 Firmenmitgliedschaft\" aria-errormessage=\"wpforms-151-field_39_5-error\" required ><label class=\"wpforms-field-label-inline\" for=\"wpforms-151-field_39_5\">\u20ac 120 Firmenmitgliedschaft<\/label><\/li><li class=\"choice-3 depth-1\"><input type=\"radio\" id=\"wpforms-151-field_39_3\" name=\"wpforms[fields][39]\" value=\"\u20ac 250 Vereine als Kooperatiosnpartner vom JHD e. V.\" aria-errormessage=\"wpforms-151-field_39_3-error\" required ><label class=\"wpforms-field-label-inline\" for=\"wpforms-151-field_39_3\">\u20ac 250 Vereine als Kooperatiosnpartner vom JHD e. V.<\/label><\/li><\/ul><\/fieldset><\/div><div id=\"wpforms-151-field_40-container\" class=\"wpforms-field wpforms-field-text\" data-field-id=\"40\"><label class=\"wpforms-field-label\" for=\"wpforms-151-field_40\">Spende einmalig zus\u00e4tzlich zum ersten Jahresbeitrag (Spendenbescheinigung vom JHD e. V. senden wir per mail)<\/label><input type=\"text\" id=\"wpforms-151-field_40\" class=\"wpforms-field-small\" name=\"wpforms[fields][40]\" placeholder=\"Bitte Betrag in Euro eingeben\" aria-errormessage=\"wpforms-151-field_40-error\" ><\/div><div id=\"wpforms-151-field_20-container\" class=\"wpforms-field wpforms-field-gdpr-checkbox\" data-field-id=\"20\"><label class=\"wpforms-field-label\">DSGVO-Einverst\u00e4ndnis und Zustimmung zur Satzung <span class=\"wpforms-required-label\" aria-hidden=\"true\">*<\/span><\/label><ul id=\"wpforms-151-field_20\" class=\"wpforms-field-required\"><li class=\"choice-1\"><input type=\"checkbox\" id=\"wpforms-151-field_20_1\" name=\"wpforms[fields][20][]\" value=\"Ich willige ein, dass diese Website meine \u00fcbermittelten Informationen speichert, sodass meine Anfrage bearbeitet und beantwortet werden kann. Ich stimme Satzung und Ordnungen des Jugend Handball Dortmund e. V. in der jeweils g\u00fcltigen Fassung zu und ebenso  Datenverarbeitung\/Datenschutzausf\u00fchrungen  und den Informationspflichten nach \u00a7 13 und \u00a7 14 DSGVO. Die Informationen hierzu stehen auf der Webseite des Jugend Handball Dortmund e. V.\" aria-errormessage=\"wpforms-151-field_20_1-error\" required ><label class=\"wpforms-field-label-inline\" for=\"wpforms-151-field_20_1\">Ich willige ein, dass diese Website meine \u00fcbermittelten Informationen speichert, sodass meine Anfrage bearbeitet und beantwortet werden kann. Ich stimme Satzung und Ordnungen des Jugend Handball Dortmund e. V. in der jeweils g\u00fcltigen Fassung zu und ebenso  Datenverarbeitung\/Datenschutzausf\u00fchrungen  und den Informationspflichten nach \u00a7 13 und \u00a7 14 DSGVO. Die Informationen hierzu stehen auf der Webseite des Jugend Handball Dortmund e. V.<\/label><\/li><\/ul><\/div><script>\n\t\t\t\t( function() {\n\t\t\t\t\tconst style = document.createElement( 'style' );\n\t\t\t\t\tstyle.appendChild( document.createTextNode( '#wpforms-151-field_3-container { position: absolute !important; overflow: hidden !important; display: inline !important; height: 1px !important; width: 1px !important; z-index: -1000 !important; padding: 0 !important; } #wpforms-151-field_3-container input { visibility: hidden; } #wpforms-conversational-form-page #wpforms-151-field_3-container label { counter-increment: none; }' ) );\n\t\t\t\t\tdocument.head.appendChild( style );\n\t\t\t\t\tdocument.currentScript?.remove();\n\t\t\t\t} )();\n\t\t\t<\/script><\/div><!-- .wpforms-field-container --><div class=\"wpforms-submit-container\" ><input type=\"hidden\" name=\"wpforms[id]\" value=\"151\"><input type=\"hidden\" name=\"page_title\" value=\"\"><input type=\"hidden\" name=\"page_url\" value=\"https:\/\/jugend-handball-dortmund.de\/index.php\/wp-json\/wp\/v2\/pages\/140\"><input type=\"hidden\" name=\"url_referer\" value=\"\"><button type=\"submit\" name=\"wpforms[submit]\" id=\"wpforms-submit-151\" class=\"wpforms-submit\" data-alt-text=\"Wird gesendet\u00a0\u2026\" data-submit-text=\"Absenden\" aria-live=\"assertive\" value=\"wpforms-submit\">Absenden<\/button><img loading=\"lazy\" decoding=\"async\" src=\"https:\/\/jugend-handball-dortmund.de\/wp-content\/plugins\/wpforms-lite\/assets\/images\/submit-spin.svg\" class=\"wpforms-submit-spinner\" style=\"display: none;\" width=\"26\" height=\"26\" alt=\"Wird geladen\"><\/div><\/form><\/div>  <!-- .wpforms-container -->\n\n\n\n<p class=\"has-medium-font-size\"><\/p>\n\n\n\n<p><\/p>\n\n\n\n<p><\/p>\n","protected":false},"excerpt":{"rendered":"<p>Mitgliedschaft Alle nat\u00fcrlichen und juristische Personen k\u00f6nnen Mitglieder im Jugend Handball Dortmund e. V. werden. Die Mitgliedsbeitr\u00e4ge, F\u00f6rdermittel und Sponsorengelder werden f\u00fcr die Handball Jugend in Dortmund entsprechend der Ziele &#8230;<\/p>\n","protected":false},"author":2,"featured_media":0,"parent":0,"menu_order":0,"comment_status":"closed","ping_status":"closed","template":"","meta":{"footnotes":""},"class_list":["post-140","page","type-page","status-publish","hentry"],"_links":{"self":[{"href":"https:\/\/jugend-handball-dortmund.de\/index.php\/wp-json\/wp\/v2\/pages\/140","targetHints":{"allow":["GET"]}}],"collection":[{"href":"https:\/\/jugend-handball-dortmund.de\/index.php\/wp-json\/wp\/v2\/pages"}],"about":[{"href":"https:\/\/jugend-handball-dortmund.de\/index.php\/wp-json\/wp\/v2\/types\/page"}],"author":[{"embeddable":true,"href":"https:\/\/jugend-handball-dortmund.de\/index.php\/wp-json\/wp\/v2\/users\/2"}],"replies":[{"embeddable":true,"href":"https:\/\/jugend-handball-dortmund.de\/index.php\/wp-json\/wp\/v2\/comments?post=140"}],"version-history":[{"count":37,"href":"https:\/\/jugend-handball-dortmund.de\/index.php\/wp-json\/wp\/v2\/pages\/140\/revisions"}],"predecessor-version":[{"id":2182,"href":"https:\/\/jugend-handball-dortmund.de\/index.php\/wp-json\/wp\/v2\/pages\/140\/revisions\/2182"}],"wp:attachment":[{"href":"https:\/\/jugend-handball-dortmund.de\/index.php\/wp-json\/wp\/v2\/media?parent=140"}],"curies":[{"name":"wp","href":"https:\/\/api.w.org\/{rel}","templated":true}]}}